{"id":10043,"date":"2021-02-12T15:20:58","date_gmt":"2021-02-12T18:20:58","guid":{"rendered":"https:\/\/magalhaesdealmeida.ma.gov.br\/transparencia\/?page_id=10043"},"modified":"2025-02-20T13:39:48","modified_gmt":"2025-02-20T16:39:48","slug":"tabela-remuneratoria","status":"publish","type":"page","link":"https:\/\/magalhaesdealmeida.ma.gov.br\/transparencia\/tabela-remuneratoria\/","title":{"rendered":"Tabela Remunerat\u00f3ria"},"content":{"rendered":"<p>Acesse a Tabela com o Padr\u00e3o Remunerat\u00f3rio do Munic\u00edpio<\/p>\n","protected":false},"excerpt":{"rendered":"<p>Acesse a Tabela com o Padr\u00e3o Remunerat\u00f3rio do Munic\u00edpio<\/p>\n","protected":false},"author":1,"featured_media":26922,"parent":0,"menu_order":0,"comment_status":"closed","ping_status":"closed","template":"tabelaremuneratoria.php","meta":{"_acf_changed":false,"footnotes":""},"categories":[1,81],"tags":[],"class_list":["post-10043","page","type-page","status-publish","has-post-thumbnail","hentry","category-exibir-front","category-recursos-humanos"],"acf":{"nome":"Tabela Remunerat\u00f3ria","link":"https:\/\/magalhaesdealmeida.ma.gov.br\/transparencia\/?page_id=10043&preview=true","icone":"fas fa-file"},"_links":{"self":[{"href":"https:\/\/magalhaesdealmeida.ma.gov.br\/transparencia\/wp-json\/wp\/v2\/pages\/10043","targetHints":{"allow":["GET"]}}],"collection":[{"href":"https:\/\/magalhaesdealmeida.ma.gov.br\/transparencia\/wp-json\/wp\/v2\/pages"}],"about":[{"href":"https:\/\/magalhaesdealmeida.ma.gov.br\/transparencia\/wp-json\/wp\/v2\/types\/page"}],"author":[{"embeddable":true,"href":"https:\/\/magalhaesdealmeida.ma.gov.br\/transparencia\/wp-json\/wp\/v2\/users\/1"}],"replies":[{"embeddable":true,"href":"https:\/\/magalhaesdealmeida.ma.gov.br\/transparencia\/wp-json\/wp\/v2\/comments?post=10043"}],"version-history":[{"count":3,"href":"https:\/\/magalhaesdealmeida.ma.gov.br\/transparencia\/wp-json\/wp\/v2\/pages\/10043\/revisions"}],"predecessor-version":[{"id":10760,"href":"https:\/\/magalhaesdealmeida.ma.gov.br\/transparencia\/wp-json\/wp\/v2\/pages\/10043\/revisions\/10760"}],"wp:featuredmedia":[{"embeddable":true,"href":"https:\/\/magalhaesdealmeida.ma.gov.br\/transparencia\/wp-json\/wp\/v2\/media\/26922"}],"wp:attachment":[{"href":"https:\/\/magalhaesdealmeida.ma.gov.br\/transparencia\/wp-json\/wp\/v2\/media?parent=10043"}],"wp:term":[{"taxonomy":"category","embeddable":true,"href":"https:\/\/magalhaesdealmeida.ma.gov.br\/transparencia\/wp-json\/wp\/v2\/categories?post=10043"},{"taxonomy":"post_tag","embeddable":true,"href":"https:\/\/magalhaesdealmeida.ma.gov.br\/transparencia\/wp-json\/wp\/v2\/tags?post=10043"}],"curies":[{"name":"wp","href":"https:\/\/api.w.org\/{rel}","templated":true}]}}