{"id":18820,"date":"2020-08-08T21:22:09","date_gmt":"2020-08-09T00:22:09","guid":{"rendered":"https:\/\/magalhaesdealmeida.ma.gov.br\/transparencia\/?page_id=18820"},"modified":"2025-02-20T14:37:08","modified_gmt":"2025-02-20T17:37:08","slug":"relatorio-de-gestao-ou-atividades","status":"publish","type":"page","link":"https:\/\/magalhaesdealmeida.ma.gov.br\/transparencia\/relatorio-de-gestao-ou-atividades\/","title":{"rendered":"Relat\u00f3rio de Gest\u00e3o ou Atividades"},"content":{"rendered":"<p>Acesse o Relat\u00f3rio de Gest\u00e3o ou Atividades da Prefeitura Municipal<\/p>\n<div id=\"footable_parent_19026\"\n         class=\" footable_parent ninja_table_wrapper loading_ninja_table wp_table_data_press_parent semantic_ui colored_table\">\n                <table data-ninja_table_instance=\"ninja_table_instance_0\" data-footable_id=\"19026\" data-filter-delay=\"1000\" aria-label=\"Relat\u00f3rio de Gest\u00e3o ou Atividades\"            id=\"footable_19026\"\n           data-unique_identifier=\"ninja_table_unique_id_1811185187_19026\"\n           class=\" foo-table ninja_footable foo_table_19026 ninja_table_unique_id_1811185187_19026 ui table  white nt_type_legacy_table selectable striped vertical_centered inverted footable-paging-right ninja_table_pro ninja_table_afd_inline ninja_table_has_custom_filter\">\n                <colgroup>\n                            <col class=\"ninja_column_0 \">\n                            <col class=\"ninja_column_1 \">\n                            <col class=\"ninja_column_2 \">\n                            <col class=\"ninja_column_3 \">\n                            <col class=\"ninja_column_4 \">\n                    <\/colgroup>\n        <thead>\n<tr class=\"footable-header\">\n                                                                                        <th scope=\"col\"  class=\"ninja_column_0 ninja_clmn_nm_posttitle \">Descri\u00e7\u00e3o<\/th><th scope=\"col\"  class=\"ninja_column_1 ninja_clmn_nm_postdate \">Data da Publica\u00e7\u00e3o<\/th><th scope=\"col\"  class=\"ninja_column_2 ninja_clmn_nm_relatorioatividadesano \">Ano<\/th><th scope=\"col\"  class=\"ninja_column_3 ninja_clmn_nm_relaroriogestaoatisetorrelatorioatividades \">Setor<\/th><th scope=\"col\"  class=\"ninja_column_4 ninja_clmn_nm_download \">Download<\/th><\/tr>\n<\/thead>\n<tbody>\n\n        <tr data-row_id=\"0\" class=\"ninja_table_row_0 nt_row_id_0\">\n            <td>RELAT\u00d3RIO ANUAL DE GEST\u00c3O 2025 \u2013 SECRETARIA DE SA\u00daDE<\/td><td>09\/04\/2026<\/td><td><\/td><td><\/td><td><a target=\"_blank\" download class=\"nt_btn nt_rounded_btn\" style=\"color: rgba(255, 255, 255, 1);background-color: rgba(18, 150, 136, 1);border-color: rgba(18, 150, 136, 1);\" rel=\"nofollow sponsored\" href=\"https:\/\/magalhaesdealmeida.ma.gov.br\/transparencia\/wp-content\/uploads\/2026\/04\/RELATORIO-DE-GESTAO-SAUDE.pdf\">Download<\/a><\/td>        <\/tr>\n            <tr data-row_id=\"1\" class=\"ninja_table_row_1 nt_row_id_1\">\n            <td>RELAT\u00d3RIO EXPOSI\u00c7\u00c3O CIRCUNSTANCIADA DO PREFEITO MUNICIPAL  SOBRE O EXERC\u00cdCIO DE 2025<\/td><td>09\/04\/2026<\/td><td><\/td><td><\/td><td><a target=\"_blank\" download class=\"nt_btn nt_rounded_btn\" style=\"color: rgba(255, 255, 255, 1);background-color: rgba(18, 150, 136, 1);border-color: rgba(18, 150, 136, 1);\" rel=\"nofollow sponsored\" href=\"https:\/\/magalhaesdealmeida.ma.gov.br\/transparencia\/wp-content\/uploads\/2026\/04\/RELATORIO-DE-GESTAO-PREFEITURA.pdf\">Download<\/a><\/td>        <\/tr>\n            <tr data-row_id=\"2\" class=\"ninja_table_row_2 nt_row_id_2\">\n            <td>RELAT\u00d3RIO ANUAL DE GEST\u00c3O 2025 \u2013 SECRETARIA DE EDUCA\u00c7\u00c3O<\/td><td>09\/04\/2026<\/td><td><\/td><td><\/td><td><a target=\"_blank\" download class=\"nt_btn nt_rounded_btn\" style=\"color: rgba(255, 255, 255, 1);background-color: rgba(18, 150, 136, 1);border-color: rgba(18, 150, 136, 1);\" rel=\"nofollow sponsored\" href=\"https:\/\/magalhaesdealmeida.ma.gov.br\/transparencia\/wp-content\/uploads\/2026\/04\/RELATORIO-DE-GESTAO-EDUCACAO.pdf\">Download<\/a><\/td>        <\/tr>\n            <tr data-row_id=\"3\" class=\"ninja_table_row_3 nt_row_id_3\">\n            <td>RELAT\u00d3RIO ANUAL DE GEST\u00c3O 2025 \u2013 SECRETARIA DE ASSIST\u00caNCIA SOCIAL<\/td><td>09\/04\/2026<\/td><td><\/td><td><\/td><td><a target=\"_blank\" download class=\"nt_btn nt_rounded_btn\" style=\"color: rgba(255, 255, 255, 1);background-color: rgba(18, 150, 136, 1);border-color: rgba(18, 150, 136, 1);\" rel=\"nofollow sponsored\" href=\"https:\/\/magalhaesdealmeida.ma.gov.br\/transparencia\/wp-content\/uploads\/2026\/04\/RELATORIO-DE-GESTAO-ASSISTENCIA-SOCIAL.pdf\">Download<\/a><\/td>        <\/tr>\n            <tr data-row_id=\"4\" class=\"ninja_table_row_4 nt_row_id_4\">\n            <td>RELAT\u00d3RIO DE GEST\u00c3O 2024 - PREFEITO<\/td><td>21\/05\/2025<\/td><td>2024<\/td><td>ADMINISTRA\u00c7\u00c3O<\/td><td><a target=\"_blank\" download class=\"nt_btn nt_rounded_btn\" style=\"color: rgba(255, 255, 255, 1);background-color: rgba(18, 150, 136, 1);border-color: rgba(18, 150, 136, 1);\" rel=\"nofollow sponsored\" href=\"https:\/\/magalhaesdealmeida.ma.gov.br\/transparencia\/wp-content\/uploads\/2025\/05\/02.00-EXPOSICAO-CIRCUNSTACIANDA-DO-PREFEITO-2024-1.pdf\">Download<\/a><\/td>        <\/tr>\n            <tr data-row_id=\"5\" class=\"ninja_table_row_5 nt_row_id_5\">\n            <td>RELAT\u00d3RIO DE GEST\u00c3O 2024 - SECRETARIA DE EDUCA\u00c7\u00c3O<\/td><td>21\/05\/2025<\/td><td>2024<\/td><td>EDUCA\u00c7\u00c3O<\/td><td><a target=\"_blank\" download class=\"nt_btn nt_rounded_btn\" style=\"color: rgba(255, 255, 255, 1);background-color: rgba(18, 150, 136, 1);border-color: rgba(18, 150, 136, 1);\" rel=\"nofollow sponsored\" href=\"https:\/\/magalhaesdealmeida.ma.gov.br\/transparencia\/wp-content\/uploads\/2025\/05\/02.00-RELATORIO-DE-GESTAO-EDUCACAO-2024-1.pdf\">Download<\/a><\/td>        <\/tr>\n            <tr data-row_id=\"6\" class=\"ninja_table_row_6 nt_row_id_6\">\n            <td>RELAT\u00d3RIO DE GEST\u00c3O 2024 - SECRETARIA DE SA\u00daDE<\/td><td>21\/05\/2025<\/td><td>2024<\/td><td>SA\u00daDE<\/td><td><a target=\"_blank\" download class=\"nt_btn nt_rounded_btn\" style=\"color: rgba(255, 255, 255, 1);background-color: rgba(18, 150, 136, 1);border-color: rgba(18, 150, 136, 1);\" rel=\"nofollow sponsored\" href=\"https:\/\/magalhaesdealmeida.ma.gov.br\/transparencia\/wp-content\/uploads\/2025\/05\/02.00-RELATORIO-DE-GESTAO-FMS-2024-1.pdf\">Download<\/a><\/td>        <\/tr>\n            <tr data-row_id=\"7\" class=\"ninja_table_row_7 nt_row_id_7\">\n            <td>RELAT\u00d3RIO DE GEST\u00c3O 2023 - PREFEITO<\/td><td>21\/05\/2025<\/td><td>2023<\/td><td>ADMINISTRA\u00c7\u00c3O<\/td><td><a target=\"_blank\" download class=\"nt_btn nt_rounded_btn\" style=\"color: rgba(255, 255, 255, 1);background-color: rgba(18, 150, 136, 1);border-color: rgba(18, 150, 136, 1);\" rel=\"nofollow sponsored\" href=\"https:\/\/magalhaesdealmeida.ma.gov.br\/transparencia\/wp-content\/uploads\/2025\/05\/02.00-EXPOSICAO-CIRCUNSTACIANDA-DO-PREFEITO-2023.pdf\">Download<\/a><\/td>        <\/tr>\n            <tr data-row_id=\"8\" class=\"ninja_table_row_8 nt_row_id_8\">\n            <td>RELAT\u00d3RIO DE GEST\u00c3O 2023 - SECRETARIA DE EDUCA\u00c7\u00c3O<\/td><td>21\/05\/2025<\/td><td>2023<\/td><td>EDUCA\u00c7\u00c3O<\/td><td><a target=\"_blank\" download class=\"nt_btn nt_rounded_btn\" style=\"color: rgba(255, 255, 255, 1);background-color: rgba(18, 150, 136, 1);border-color: rgba(18, 150, 136, 1);\" rel=\"nofollow sponsored\" href=\"https:\/\/magalhaesdealmeida.ma.gov.br\/transparencia\/wp-content\/uploads\/2025\/05\/02.00-RELATORIO-DE-GESTAO-EDUCACAO.pdf\">Download<\/a><\/td>        <\/tr>\n            <tr data-row_id=\"9\" class=\"ninja_table_row_9 nt_row_id_9\">\n            <td>RELAT\u00d3RIO DE GEST\u00c3O 2023 - SECRETARIA DE SA\u00daDE<\/td><td>21\/05\/2025<\/td><td>2023<\/td><td>SA\u00daDE<\/td><td><a target=\"_blank\" download class=\"nt_btn nt_rounded_btn\" style=\"color: rgba(255, 255, 255, 1);background-color: rgba(18, 150, 136, 1);border-color: rgba(18, 150, 136, 1);\" rel=\"nofollow sponsored\" href=\"https:\/\/magalhaesdealmeida.ma.gov.br\/transparencia\/wp-content\/uploads\/2025\/05\/02.00-RELATORIO-DE-GESTAO-FMS-2023.pdf\">Download<\/a><\/td>        <\/tr>\n            <tr data-row_id=\"10\" class=\"ninja_table_row_10 nt_row_id_10\">\n            <td>RELAT\u00d3RIO DE GEST\u00c3O 2022 - PREFEITO<\/td><td>21\/05\/2025<\/td><td>2022<\/td><td>ADMINISTRA\u00c7\u00c3O<\/td><td><a target=\"_blank\" download class=\"nt_btn nt_rounded_btn\" style=\"color: rgba(255, 255, 255, 1);background-color: rgba(18, 150, 136, 1);border-color: rgba(18, 150, 136, 1);\" rel=\"nofollow sponsored\" href=\"https:\/\/magalhaesdealmeida.ma.gov.br\/transparencia\/wp-content\/uploads\/2025\/05\/03.00-EXPOSICAO-CIRCUSTANCIADA-DO-GOVERNO-2022.pdf\">Download<\/a><\/td>        <\/tr>\n            <tr data-row_id=\"11\" class=\"ninja_table_row_11 nt_row_id_11\">\n            <td>RELAT\u00d3RIO DE GEST\u00c3O 2022 - SECRETARIA DE SA\u00daDE<\/td><td>21\/05\/2025<\/td><td>2022<\/td><td>SA\u00daDE<\/td><td><a target=\"_blank\" download class=\"nt_btn nt_rounded_btn\" style=\"color: rgba(255, 255, 255, 1);background-color: rgba(18, 150, 136, 1);border-color: rgba(18, 150, 136, 1);\" rel=\"nofollow sponsored\" href=\"https:\/\/magalhaesdealmeida.ma.gov.br\/transparencia\/wp-content\/uploads\/2025\/05\/03.00-Relatorio_Gestao_Anual_2022-FMS.pdf\">Download<\/a><\/td>        <\/tr>\n            <tr data-row_id=\"12\" class=\"ninja_table_row_12 nt_row_id_12\">\n            <td>RELAT\u00d3RIO DE GEST\u00c3O 2022 - SECRETARIA DE ASSIST\u00caNCIA SOCIAL<\/td><td>21\/05\/2025<\/td><td>2022<\/td><td>ASSIST\u00caNCIA SOCIAL<\/td><td><a target=\"_blank\" download class=\"nt_btn nt_rounded_btn\" style=\"color: rgba(255, 255, 255, 1);background-color: rgba(18, 150, 136, 1);border-color: rgba(18, 150, 136, 1);\" rel=\"nofollow sponsored\" href=\"https:\/\/magalhaesdealmeida.ma.gov.br\/transparencia\/wp-content\/uploads\/2025\/05\/RELATORIO-DE-ATIVIDADES-ASSISTENCIA-SOCIAL.pdf\">Download<\/a><\/td>        <\/tr>\n            <tr data-row_id=\"13\" class=\"ninja_table_row_13 nt_row_id_13\">\n            <td>RELAT\u00d3RIO DE GEST\u00c3O 2022 - SECRETARIA DE EDUCA\u00c7\u00c3O<\/td><td>21\/05\/2025<\/td><td>2022<\/td><td>EDUCA\u00c7\u00c3O<\/td><td><a target=\"_blank\" download class=\"nt_btn nt_rounded_btn\" style=\"color: rgba(255, 255, 255, 1);background-color: rgba(18, 150, 136, 1);border-color: rgba(18, 150, 136, 1);\" rel=\"nofollow sponsored\" href=\"https:\/\/magalhaesdealmeida.ma.gov.br\/transparencia\/wp-content\/uploads\/2025\/05\/RELATORIO-DE-ATIVIDADES-EDUCACAO.pdf\">Download<\/a><\/td>        <\/tr>\n            <tr data-row_id=\"14\" class=\"ninja_table_row_14 nt_row_id_14\">\n            <td>EXPOSI\u00c7\u00c3O CIRCUNSTANCIADA DO PREFEITO MUNICIPAL SOBRE EXERC\u00cdCIO DE 2024<\/td><td>21\/05\/2025<\/td><td>2024<\/td><td>ADMINISTRA\u00c7\u00c3O<\/td><td><a target=\"_blank\" download class=\"nt_btn nt_rounded_btn\" style=\"color: rgba(255, 255, 255, 1);background-color: rgba(18, 150, 136, 1);border-color: rgba(18, 150, 136, 1);\" rel=\"nofollow sponsored\" href=\"https:\/\/magalhaesdealmeida.ma.gov.br\/transparencia\/wp-content\/uploads\/2025\/05\/02.00-EXPOSICAO-CIRCUNSTACIANDA-DO-PREFEITO-2024.pdf\">Download<\/a><\/td>        <\/tr>\n            <tr data-row_id=\"15\" class=\"ninja_table_row_15 nt_row_id_15\">\n            <td>RELAT\u00d3RIO ANUAL DE GEST\u00c3O 2024 - SECRETARIA DE EDUCA\u00c7\u00c3O<\/td><td>21\/05\/2025<\/td><td>2024<\/td><td>EDUCA\u00c7\u00c3O<\/td><td><a target=\"_blank\" download class=\"nt_btn nt_rounded_btn\" style=\"color: rgba(255, 255, 255, 1);background-color: rgba(18, 150, 136, 1);border-color: rgba(18, 150, 136, 1);\" rel=\"nofollow sponsored\" href=\"https:\/\/magalhaesdealmeida.ma.gov.br\/transparencia\/wp-content\/uploads\/2025\/05\/02.00-RELATORIO-DE-GESTAO-EDUCACAO-2024.pdf\">Download<\/a><\/td>        <\/tr>\n            <tr data-row_id=\"16\" class=\"ninja_table_row_16 nt_row_id_16\">\n            <td>RELAT\u00d3RIO ANUAL DE GEST\u00c3O 2024 - SECRETARIA DE SA\u00daDE<\/td><td>21\/05\/2025<\/td><td>2024<\/td><td>ADMINISTRA\u00c7\u00c3O<\/td><td><a target=\"_blank\" download class=\"nt_btn nt_rounded_btn\" style=\"color: rgba(255, 255, 255, 1);background-color: rgba(18, 150, 136, 1);border-color: rgba(18, 150, 136, 1);\" rel=\"nofollow sponsored\" href=\"https:\/\/magalhaesdealmeida.ma.gov.br\/transparencia\/wp-content\/uploads\/2025\/05\/02.00-RELATORIO-DE-GESTAO-FMS-2024.pdf\">Download<\/a><\/td>        <\/tr>\n            <tr data-row_id=\"17\" class=\"ninja_table_row_17 nt_row_id_17\">\n            <td>PLANO ANUAL DE APLICA\u00c7\u00c3O DE RECURSOS DA POL\u00cdTICA NACIONAL ALDIR BLANC \u2013 PAAR \u2013 PNAB<\/td><td>29\/07\/2024<\/td><td>2024<\/td><td>EDUCA\u00c7\u00c3O<\/td><td><a target=\"_blank\" download class=\"nt_btn nt_rounded_btn\" style=\"color: rgba(255, 255, 255, 1);background-color: rgba(18, 150, 136, 1);border-color: rgba(18, 150, 136, 1);\" rel=\"nofollow sponsored\" href=\"https:\/\/magalhaesdealmeida.ma.gov.br\/transparencia\/wp-content\/uploads\/2024\/07\/YBJ86Z98MA-MUNICIPIO-DE-MAGALHAES-DE-ALMEIDA.pdf\">Download<\/a><\/td>        <\/tr>\n            <tr data-row_id=\"18\" class=\"ninja_table_row_18 nt_row_id_18\">\n            <td>EXPOSI\u00c7\u00c3O CIRCUNSTANCIADA DAS A\u00c7\u00d5ES DA GEST\u00c3O NA \u00c1REA DA SA\u00daDE EM 2023<\/td><td>13\/03\/2024<\/td><td>2023<\/td><td>SA\u00daDE<\/td><td><a target=\"_blank\" download class=\"nt_btn nt_rounded_btn\" style=\"color: rgba(255, 255, 255, 1);background-color: rgba(18, 150, 136, 1);border-color: rgba(18, 150, 136, 1);\" rel=\"nofollow sponsored\" href=\"https:\/\/magalhaesdealmeida.ma.gov.br\/transparencia\/wp-content\/uploads\/2024\/05\/02.00-RELATORIO-DE-GESTAO-SAUDE-1.pdf\">Download<\/a><\/td>        <\/tr>\n            <tr data-row_id=\"19\" class=\"ninja_table_row_19 nt_row_id_19\">\n            <td>RELAT\u00d3RIO DE GEST\u00c3O DA SECRETARIA MUNICIPAL DE ASSIST\u00caNCIA SOCIAL NO EXERC\u00cdCIO 2023<\/td><td>13\/03\/2024<\/td><td>2023<\/td><td>ASSIST\u00caNCIA SOCIAL<\/td><td><a target=\"_blank\" download class=\"nt_btn nt_rounded_btn\" style=\"color: rgba(255, 255, 255, 1);background-color: rgba(18, 150, 136, 1);border-color: rgba(18, 150, 136, 1);\" rel=\"nofollow sponsored\" href=\"https:\/\/magalhaesdealmeida.ma.gov.br\/transparencia\/wp-content\/uploads\/2024\/05\/02.00-RELATORIO-DE-GESTAO-ASSISTENCIA-SOCIAL.pdf\">Download<\/a><\/td>        <\/tr>\n            <tr data-row_id=\"20\" class=\"ninja_table_row_20 nt_row_id_20\">\n            <td>EXPOSI\u00c7\u00c3O CIRCUNSTANCIADA DO PREFEITO MUNICIPAL SOBRE EXERC\u00cdCIO DE 2023<\/td><td>13\/03\/2024<\/td><td>2023<\/td><td>ADMINISTRA\u00c7\u00c3O<\/td><td><a target=\"_blank\" download class=\"nt_btn nt_rounded_btn\" style=\"color: rgba(255, 255, 255, 1);background-color: rgba(18, 150, 136, 1);border-color: rgba(18, 150, 136, 1);\" rel=\"nofollow sponsored\" href=\"https:\/\/magalhaesdealmeida.ma.gov.br\/transparencia\/wp-content\/uploads\/2024\/05\/02.00-EXPOSICAO-CIRCUNSTACIANDA-DO-PREFEITO.pdf\">Download<\/a><\/td>        <\/tr>\n            <tr data-row_id=\"21\" class=\"ninja_table_row_21 nt_row_id_21\">\n            <td>RELAT\u00d3RIO DE ATIVIDADES DA EDUCA\u00c7\u00c3O EM 2023<\/td><td>13\/03\/2024<\/td><td>2023<\/td><td>EDUCA\u00c7\u00c3O<\/td><td><a target=\"_blank\" download class=\"nt_btn nt_rounded_btn\" style=\"color: rgba(255, 255, 255, 1);background-color: rgba(18, 150, 136, 1);border-color: rgba(18, 150, 136, 1);\" rel=\"nofollow sponsored\" href=\"https:\/\/magalhaesdealmeida.ma.gov.br\/transparencia\/wp-content\/uploads\/2024\/05\/02.00-RELATORIO-DE-GESTAO-EDUCACAO-1.pdf\">Download<\/a><\/td>        <\/tr>\n            <tr data-row_id=\"22\" class=\"ninja_table_row_22 nt_row_id_22\">\n            <td>REGIMENTO INTERNO DO COMIT\u00ca GESTOR MUNICIPAL DE POL\u00cdTICAS DE ERRADICA\u00c7\u00c3O DO SUB-REGISTRO CIVIL DE NASCIMENTO E AMPLIA\u00c7\u00c3O DO ACESSO \u00c0 DOCUMENTA\u00c7\u00c3O B\u00c1SICA DO MUNIC\u00cdPIO MUNIC\u00cdPIO DE MAGALH\u00c3ES DE ALMEIDA-MA.<\/td><td>21\/09\/2023<\/td><td>2023<\/td><td>ADMINISTRA\u00c7\u00c3O<\/td><td><a target=\"_blank\" download class=\"nt_btn nt_rounded_btn\" style=\"color: rgba(255, 255, 255, 1);background-color: rgba(18, 150, 136, 1);border-color: rgba(18, 150, 136, 1);\" rel=\"nofollow sponsored\" href=\"https:\/\/magalhaesdealmeida.ma.gov.br\/transparencia\/wp-content\/uploads\/2023\/09\/REGIMENTO-INTERNO-DE-COMITE-GESTOR.pdf\">Download<\/a><\/td>        <\/tr>\n            <tr data-row_id=\"23\" class=\"ninja_table_row_23 nt_row_id_23\">\n            <td>RELAT\u00d3RIO DE GEST\u00c3O DA SECRETARIA MUNICIPAL DE ASSIST\u00caNCIA SOCIAL NO EXERC\u00cdCIO 2022<\/td><td>23\/03\/2023<\/td><td>2022<\/td><td>ASSIST\u00caNCIA SOCIAL<\/td><td><a target=\"_blank\" download class=\"nt_btn nt_rounded_btn\" style=\"color: rgba(255, 255, 255, 1);background-color: rgba(18, 150, 136, 1);border-color: rgba(18, 150, 136, 1);\" rel=\"nofollow sponsored\" href=\"https:\/\/magalhaesdealmeida.ma.gov.br\/transparencia\/wp-content\/uploads\/2024\/05\/RELATORIO-DE-ATIVIDADES-ASSISTENCIA-SOCIAL.pdf\">Download<\/a><\/td>        <\/tr>\n            <tr data-row_id=\"24\" class=\"ninja_table_row_24 nt_row_id_24\">\n            <td>RELAT\u00d3RIO DE GEST\u00c3O NA SA\u00daDE - PER\u00cdODO DE JANEIRO A DEZEMBRO DE 2022<\/td><td>16\/03\/2023<\/td><td>2022<\/td><td>SA\u00daDE<\/td><td><a target=\"_blank\" download class=\"nt_btn nt_rounded_btn\" style=\"color: rgba(255, 255, 255, 1);background-color: rgba(18, 150, 136, 1);border-color: rgba(18, 150, 136, 1);\" rel=\"nofollow sponsored\" href=\"https:\/\/magalhaesdealmeida.ma.gov.br\/transparencia\/wp-content\/uploads\/2024\/05\/03.00-Relatorio_Gestao_Anual_2022-SAUDE-1.pdf\">Download<\/a><\/td>        <\/tr>\n            <tr data-row_id=\"25\" class=\"ninja_table_row_25 nt_row_id_25\">\n            <td>RELAT\u00d3RIO DE ATIVIDADES DA EDUCA\u00c7\u00c3O EM 2022<\/td><td>16\/03\/2023<\/td><td>2022<\/td><td>EDUCA\u00c7\u00c3O<\/td><td><a target=\"_blank\" download class=\"nt_btn nt_rounded_btn\" style=\"color: rgba(255, 255, 255, 1);background-color: rgba(18, 150, 136, 1);border-color: rgba(18, 150, 136, 1);\" rel=\"nofollow sponsored\" href=\"https:\/\/magalhaesdealmeida.ma.gov.br\/transparencia\/wp-content\/uploads\/2024\/05\/RELATORIO-DE-ATIVIDADES-EDUCACAO.pdf\">Download<\/a><\/td>        <\/tr>\n            <tr data-row_id=\"26\" class=\"ninja_table_row_26 nt_row_id_26\">\n            <td>EXPOSI\u00c7\u00c3O CIRCUNSTANCIADA DO PREFEITO MUNICIPAL SOBRE EXERC\u00cdCIO DE 2022<\/td><td>09\/03\/2023<\/td><td>2022<\/td><td>ADMINISTRA\u00c7\u00c3O<\/td><td><a target=\"_blank\" download class=\"nt_btn nt_rounded_btn\" style=\"color: rgba(255, 255, 255, 1);background-color: rgba(18, 150, 136, 1);border-color: rgba(18, 150, 136, 1);\" rel=\"nofollow sponsored\" href=\"https:\/\/magalhaesdealmeida.ma.gov.br\/transparencia\/wp-content\/uploads\/2024\/05\/EXPOSICAO-CIRCUNSTANCIADA-DO-PREFEITO-MUNICIPAL-SOBRE-EXERCICIO-DE-2022.pdf\">Download<\/a><\/td>        <\/tr>\n            <tr data-row_id=\"27\" class=\"ninja_table_row_27 nt_row_id_27\">\n            <td>RELAT\u00d3RIO DE GEST\u00c3O NA SA\u00daDE \u2013 PER\u00cdODO DE JANEIRO A DEZEMBRO DE 2021<\/td><td>24\/03\/2022<\/td><td>2021<\/td><td>SA\u00daDE<\/td><td><a target=\"_blank\" download class=\"nt_btn nt_rounded_btn\" style=\"color: rgba(255, 255, 255, 1);background-color: rgba(18, 150, 136, 1);border-color: rgba(18, 150, 136, 1);\" rel=\"nofollow sponsored\" href=\"https:\/\/magalhaesdealmeida.ma.gov.br\/transparencia\/wp-content\/uploads\/2024\/06\/03.00-Relatorio_Gestao_Anual_2021-FMS.pdf\">Download<\/a><\/td>        <\/tr>\n            <tr data-row_id=\"28\" class=\"ninja_table_row_28 nt_row_id_28\">\n            <td>RELAT\u00d3RIO DE ATIVIDADES DA EDUCA\u00c7\u00c3O EM 2021<\/td><td>23\/03\/2022<\/td><td>2021<\/td><td>EDUCA\u00c7\u00c3O<\/td><td><a target=\"_blank\" download class=\"nt_btn nt_rounded_btn\" style=\"color: rgba(255, 255, 255, 1);background-color: rgba(18, 150, 136, 1);border-color: rgba(18, 150, 136, 1);\" rel=\"nofollow sponsored\" href=\"https:\/\/magalhaesdealmeida.ma.gov.br\/transparencia\/wp-content\/uploads\/2024\/06\/03.00-INDICADORES_SEMECTI_MAG.pdf\">Download<\/a><\/td>        <\/tr>\n            <tr data-row_id=\"29\" class=\"ninja_table_row_29 nt_row_id_29\">\n            <td>EXPOSI\u00c7\u00c3O CIRCUNSTANCIADA DO PREFEITO MUNICIPAL SOBRE EXERC\u00cdCIO DE 2021<\/td><td>18\/03\/2022<\/td><td>2021<\/td><td>ADMINISTRA\u00c7\u00c3O<\/td><td><a target=\"_blank\" download class=\"nt_btn nt_rounded_btn\" style=\"color: rgba(255, 255, 255, 1);background-color: rgba(18, 150, 136, 1);border-color: rgba(18, 150, 136, 1);\" rel=\"nofollow sponsored\" href=\"https:\/\/magalhaesdealmeida.ma.gov.br\/transparencia\/wp-content\/uploads\/2024\/06\/03.00-EXPOSICAO-CIRCUSTANCIADA-DO-GOVERNO.pdf\">Download<\/a><\/td>        <\/tr>\n            <tr data-row_id=\"30\" class=\"ninja_table_row_30 nt_row_id_30\">\n            <td>RELAT\u00d3RIO DE GEST\u00c3O DA SECRETARIA MUNICIPAL DE ASSIST\u00caNCIA SOCIAL NO EXERC\u00cdCIO 2021<\/td><td>31\/12\/2021<\/td><td>2021<\/td><td>ASSIST\u00caNCIA SOCIAL<\/td><td><a target=\"_blank\" download class=\"nt_btn nt_rounded_btn\" style=\"color: rgba(255, 255, 255, 1);background-color: rgba(18, 150, 136, 1);border-color: rgba(18, 150, 136, 1);\" rel=\"nofollow sponsored\" href=\"https:\/\/magalhaesdealmeida.ma.gov.br\/transparencia\/wp-content\/uploads\/2024\/06\/03.00-RELATORIO-DE-GESTAO-SECRETARIA-MUNICIPAL-DE-ASSISTENCIA-SOCIAL-MAGALHAES-DE-ALEMIDA-2021.pdf\">Download<\/a><\/td>        <\/tr>\n    <\/tbody><!--ninja_tobody_rendering_done-->\n    <\/table>\n    \n    \n    \n<\/div>\n\n","protected":false},"excerpt":{"rendered":"<p>Acesse o Relat\u00f3rio de Gest\u00e3o ou Atividades da Prefeitura Municipal<\/p>\n","protected":false},"author":1,"featured_media":26922,"parent":0,"menu_order":0,"comment_status":"closed","ping_status":"closed","template":"","meta":{"_acf_changed":false,"footnotes":""},"categories":[90,1,85,89],"tags":[],"class_list":["post-18820","page","type-page","status-publish","has-post-thumbnail","hentry","category-educacao","category-exibir-front","category-planejamento-e-prestacao-de-contas","category-saude"],"acf":{"nome":"Relat\u00f3rio de Gest\u00e3o ou Atividades","link":"https:\/\/magalhaesdealmeida.ma.gov.br\/transparencia\/relatorio-de-gestao-ou-atividades\/","icone":"fas fa-file"},"_links":{"self":[{"href":"https:\/\/magalhaesdealmeida.ma.gov.br\/transparencia\/wp-json\/wp\/v2\/pages\/18820","targetHints":{"allow":["GET"]}}],"collection":[{"href":"https:\/\/magalhaesdealmeida.ma.gov.br\/transparencia\/wp-json\/wp\/v2\/pages"}],"about":[{"href":"https:\/\/magalhaesdealmeida.ma.gov.br\/transparencia\/wp-json\/wp\/v2\/types\/page"}],"author":[{"embeddable":true,"href":"https:\/\/magalhaesdealmeida.ma.gov.br\/transparencia\/wp-json\/wp\/v2\/users\/1"}],"replies":[{"embeddable":true,"href":"https:\/\/magalhaesdealmeida.ma.gov.br\/transparencia\/wp-json\/wp\/v2\/comments?post=18820"}],"version-history":[{"count":6,"href":"https:\/\/magalhaesdealmeida.ma.gov.br\/transparencia\/wp-json\/wp\/v2\/pages\/18820\/revisions"}],"predecessor-version":[{"id":21562,"href":"https:\/\/magalhaesdealmeida.ma.gov.br\/transparencia\/wp-json\/wp\/v2\/pages\/18820\/revisions\/21562"}],"wp:featuredmedia":[{"embeddable":true,"href":"https:\/\/magalhaesdealmeida.ma.gov.br\/transparencia\/wp-json\/wp\/v2\/media\/26922"}],"wp:attachment":[{"href":"https:\/\/magalhaesdealmeida.ma.gov.br\/transparencia\/wp-json\/wp\/v2\/media?parent=18820"}],"wp:term":[{"taxonomy":"category","embeddable":true,"href":"https:\/\/magalhaesdealmeida.ma.gov.br\/transparencia\/wp-json\/wp\/v2\/categories?post=18820"},{"taxonomy":"post_tag","embeddable":true,"href":"https:\/\/magalhaesdealmeida.ma.gov.br\/transparencia\/wp-json\/wp\/v2\/tags?post=18820"}],"curies":[{"name":"wp","href":"https:\/\/api.w.org\/{rel}","templated":true}]}}