{"id":18840,"date":"2021-03-10T23:39:03","date_gmt":"2021-03-11T02:39:03","guid":{"rendered":"https:\/\/magalhaesdealmeida.ma.gov.br\/transparencia\/?page_id=18840"},"modified":"2025-02-20T14:00:30","modified_gmt":"2025-02-20T17:00:30","slug":"obras","status":"publish","type":"page","link":"https:\/\/magalhaesdealmeida.ma.gov.br\/transparencia\/obras\/","title":{"rendered":"Obras"},"content":{"rendered":"<p>Acesse as informa\u00e7\u00f5es sobre as Obras da Prefeitura Municipal<\/p>\n<div id=\"footable_parent_19014\"\n         class=\" footable_parent ninja_table_wrapper loading_ninja_table wp_table_data_press_parent semantic_ui colored_table\">\n                <table data-ninja_table_instance=\"ninja_table_instance_0\" data-footable_id=\"19014\" data-filter-delay=\"1000\" aria-label=\"Obras\"            id=\"footable_19014\"\n           data-unique_identifier=\"ninja_table_unique_id_2348221369_19014\"\n           class=\" foo-table ninja_footable foo_table_19014 ninja_table_unique_id_2348221369_19014 ui table  white nt_type_legacy_table selectable striped vertical_centered inverted footable-paging-right ninja_table_pro ninja_table_afd_inline ninja_table_has_custom_filter\">\n                <colgroup>\n                            <col class=\"ninja_column_0 \">\n                            <col class=\"ninja_column_1 \">\n                            <col class=\"ninja_column_2 \">\n                            <col class=\"ninja_column_3 \">\n                            <col class=\"ninja_column_4 \">\n                            <col class=\"ninja_column_5 \">\n                            <col class=\"ninja_column_6 \">\n                            <col class=\"ninja_column_7 \">\n                            <col class=\"ninja_column_8 \">\n                            <col class=\"ninja_column_9 \">\n                    <\/colgroup>\n        <thead>\n<tr class=\"footable-header\">\n                                                                                                                                                                        <th scope=\"col\"  class=\"ninja_column_0 ninja_clmn_nm_posttitle \">Descri\u00e7\u00e3o<\/th><th scope=\"col\"  class=\"ninja_column_1 ninja_clmn_nm_status \">Status<\/th><th scope=\"col\"  class=\"ninja_column_2 ninja_clmn_nm_data_de_publicacao \">Data de In\u00edcio<\/th><th scope=\"col\"  class=\"ninja_column_3 ninja_clmn_nm_tipo \">Tipo<\/th><th scope=\"col\"  class=\"ninja_column_4 ninja_clmn_nm_fonte \">Fonte<\/th><th scope=\"col\"  class=\"ninja_column_5 ninja_clmn_nm_local \">Local<\/th><th scope=\"col\"  class=\"ninja_column_6 ninja_clmn_nm_data_prevista \">Data Prevista<\/th><th scope=\"col\"  class=\"ninja_column_7 ninja_clmn_nm_link_contrato \">Link Contrato<\/th><th scope=\"col\"  class=\"ninja_column_8 ninja_clmn_nm_obraspublicasano \">Ano<\/th><th scope=\"col\"  class=\"ninja_column_9 ninja_clmn_nm_download \">Download<\/th><\/tr>\n<\/thead>\n<tbody>\n\n        <tr data-row_id=\"0\" class=\"ninja_table_row_0 nt_row_id_0\">\n            <td>Declara\u00e7\u00e3o Negativa de Obras<\/td><td>Em Andamento<\/td><td><\/td><td>CONSTRU\u00c7\u00c3O<\/td><td><\/td><td><\/td><td><\/td><td><\/td><td><\/td><td><a target=\"_blank\" download class=\"nt_btn nt_rounded_btn\" style=\"color: rgba(255, 255, 255, 1);background-color: rgba(18, 150, 136, 1);border-color: rgba(18, 150, 136, 1);\" rel=\"nofollow sponsored\" href=\"https:\/\/magalhaesdealmeida.ma.gov.br\/transparencia\/wp-content\/uploads\/2026\/04\/OBRAS.pdf\">Download<\/a><\/td>        <\/tr>\n            <tr data-row_id=\"1\" class=\"ninja_table_row_1 nt_row_id_1\">\n            <td>Declara\u00e7\u00e3o Negativa de Obras<\/td><td>Em Andamento<\/td><td><\/td><td>CONSTRU\u00c7\u00c3O<\/td><td><\/td><td><\/td><td><\/td><td><\/td><td><\/td><td><a target=\"_blank\" download class=\"nt_btn nt_rounded_btn\" style=\"color: rgba(255, 255, 255, 1);background-color: rgba(18, 150, 136, 1);border-color: rgba(18, 150, 136, 1);\" rel=\"nofollow sponsored\" href=\"https:\/\/magalhaesdealmeida.ma.gov.br\/transparencia\/wp-content\/uploads\/2026\/03\/OBRAS.pdf\">Download<\/a><\/td>        <\/tr>\n            <tr data-row_id=\"2\" class=\"ninja_table_row_2 nt_row_id_2\">\n            <td>Declara\u00e7\u00e3o Negativa de Obras<\/td><td>Em Andamento<\/td><td><\/td><td>CONSTRU\u00c7\u00c3O<\/td><td><\/td><td><\/td><td><\/td><td><\/td><td><\/td><td><a target=\"_blank\" download class=\"nt_btn nt_rounded_btn\" style=\"color: rgba(255, 255, 255, 1);background-color: rgba(18, 150, 136, 1);border-color: rgba(18, 150, 136, 1);\" rel=\"nofollow sponsored\" href=\"https:\/\/magalhaesdealmeida.ma.gov.br\/transparencia\/wp-content\/uploads\/2026\/03\/OBRAS-PARALISADAS.pdf\">Download<\/a><\/td>        <\/tr>\n            <tr data-row_id=\"3\" class=\"ninja_table_row_3 nt_row_id_3\">\n            <td>Declara\u00e7\u00e3o Negativa de Obras<\/td><td>Em Andamento<\/td><td><\/td><td>CONSTRU\u00c7\u00c3O<\/td><td><\/td><td><\/td><td><\/td><td><\/td><td>2025<\/td><td><a target=\"_blank\" download class=\"nt_btn nt_rounded_btn\" style=\"color: rgba(255, 255, 255, 1);background-color: rgba(18, 150, 136, 1);border-color: rgba(18, 150, 136, 1);\" rel=\"nofollow sponsored\" href=\"https:\/\/magalhaesdealmeida.ma.gov.br\/transparencia\/wp-content\/uploads\/2025\/12\/OBRAS-2025-dezembro.pdf\">Download<\/a><\/td>        <\/tr>\n            <tr data-row_id=\"4\" class=\"ninja_table_row_4 nt_row_id_4\">\n            <td>Declara\u00e7\u00e3o Negativa de Obras<\/td><td>Em Andamento<\/td><td><\/td><td>CONSTRU\u00c7\u00c3O<\/td><td><\/td><td><\/td><td><\/td><td><\/td><td>2025<\/td><td><a target=\"_blank\" download class=\"nt_btn nt_rounded_btn\" style=\"color: rgba(255, 255, 255, 1);background-color: rgba(18, 150, 136, 1);border-color: rgba(18, 150, 136, 1);\" rel=\"nofollow sponsored\" href=\"https:\/\/magalhaesdealmeida.ma.gov.br\/transparencia\/wp-content\/uploads\/2025\/11\/OBRAS-2025.pdf\">Download<\/a><\/td>        <\/tr>\n            <tr data-row_id=\"5\" class=\"ninja_table_row_5 nt_row_id_5\">\n            <td>Declara\u00e7\u00e3o Negativa de Obras<\/td><td>Em Andamento<\/td><td><\/td><td>CONSTRU\u00c7\u00c3O<\/td><td><\/td><td><\/td><td><\/td><td><\/td><td>2025<\/td><td><a target=\"_blank\" download class=\"nt_btn nt_rounded_btn\" style=\"color: rgba(255, 255, 255, 1);background-color: rgba(18, 150, 136, 1);border-color: rgba(18, 150, 136, 1);\" rel=\"nofollow sponsored\" href=\"https:\/\/magalhaesdealmeida.ma.gov.br\/transparencia\/wp-content\/uploads\/2025\/10\/OBRAS-2025.pdf\">Download<\/a><\/td>        <\/tr>\n            <tr data-row_id=\"6\" class=\"ninja_table_row_6 nt_row_id_6\">\n            <td>Declara\u00e7\u00e3o Negativa de Obras<\/td><td>Em Andamento<\/td><td><\/td><td>CONSTRU\u00c7\u00c3O<\/td><td><\/td><td><\/td><td><\/td><td><\/td><td>2025<\/td><td><a target=\"_blank\" download class=\"nt_btn nt_rounded_btn\" style=\"color: rgba(255, 255, 255, 1);background-color: rgba(18, 150, 136, 1);border-color: rgba(18, 150, 136, 1);\" rel=\"nofollow sponsored\" href=\"https:\/\/magalhaesdealmeida.ma.gov.br\/transparencia\/wp-content\/uploads\/2025\/09\/OBRAS-2025.pdf\">Download<\/a><\/td>        <\/tr>\n            <tr data-row_id=\"7\" class=\"ninja_table_row_7 nt_row_id_7\">\n            <td>Obras - Declara\u00e7\u00e3o<\/td><td>Em Andamento<\/td><td><\/td><td>CONSTRU\u00c7\u00c3O<\/td><td><\/td><td><\/td><td><\/td><td><\/td><td>2025<\/td><td><a target=\"_blank\" download class=\"nt_btn nt_rounded_btn\" style=\"color: rgba(255, 255, 255, 1);background-color: rgba(18, 150, 136, 1);border-color: rgba(18, 150, 136, 1);\" rel=\"nofollow sponsored\" href=\"https:\/\/magalhaesdealmeida.ma.gov.br\/transparencia\/wp-content\/uploads\/2025\/08\/OBRAS-2025.pdf\">Download<\/a><\/td>        <\/tr>\n            <tr data-row_id=\"8\" class=\"ninja_table_row_8 nt_row_id_8\">\n            <td>Declara\u00e7\u00e3o Negativa de Obras<\/td><td>Em Andamento<\/td><td><\/td><td>CONSTRU\u00c7\u00c3O<\/td><td><\/td><td><\/td><td><\/td><td><\/td><td>2025<\/td><td><a target=\"_blank\" download class=\"nt_btn nt_rounded_btn\" style=\"color: rgba(255, 255, 255, 1);background-color: rgba(18, 150, 136, 1);border-color: rgba(18, 150, 136, 1);\" rel=\"nofollow sponsored\" href=\"https:\/\/magalhaesdealmeida.ma.gov.br\/transparencia\/wp-content\/uploads\/2025\/07\/OBRAS-2025.pdf\">Download<\/a><\/td>        <\/tr>\n            <tr data-row_id=\"9\" class=\"ninja_table_row_9 nt_row_id_9\">\n            <td>CONSTRU\u00c7\u00c3O DE UMA PRA\u00c7A DO IDOSO E UMA PRA\u00c7A DA CRIAN\u00c7A NO MUNIC\u00cdPIO DE MAGALH\u00c3ES DE ALMEIDA\/MA - TP N.\u00ba 006\/2023<\/td><td>Finalizada<\/td><td>16\/10\/2023<\/td><td>CONSTRU\u00c7\u00c3O<\/td><td>RECURSO PR\u00d3PRIO<\/td><td>SEDE<\/td><td>16\/10\/2024<\/td><td>https:\/\/licitacoes.magalhaesdealmeida.ma.gov.br\/licitacoes\/tomada-de-precos-n-o-006-2023\/<\/td><td>2023<\/td><td><a target=\"_blank\" download class=\"nt_btn nt_rounded_btn\" style=\"color: rgba(255, 255, 255, 1);background-color: rgba(18, 150, 136, 1);border-color: rgba(18, 150, 136, 1);\" rel=\"nofollow sponsored\" href=\"https:\/\/magalhaesdealmeida.ma.gov.br\/transparencia\/wp-content\/uploads\/2025\/06\/CONTRATO-N.\u00b0-20231016001.2023.pdf\">Download<\/a><\/td>        <\/tr>\n            <tr data-row_id=\"10\" class=\"ninja_table_row_10 nt_row_id_10\">\n            <td>Constru\u00e7\u00e3o de uma creche no Povoado Melancias no Munic\u00edpio de Magalh\u00e3es de Almeida\/MA - TOMADA DE PRE\u00c7OS N.\u00ba 003\/2022<\/td><td>Em Andamento<\/td><td>30\/06\/2022<\/td><td>CONSTRU\u00c7\u00c3O<\/td><td>FEDERAL<\/td><td>Povoado Melancias<\/td><td>19\/12\/2024<\/td><td>https:\/\/licitacoes.magalhaesdealmeida.ma.gov.br\/contratos\/contrato-n-o-20220630001-2022\/<\/td><td>2022<\/td><td><a target=\"_blank\" download class=\"nt_btn nt_rounded_btn\" style=\"color: rgba(255, 255, 255, 1);background-color: rgba(18, 150, 136, 1);border-color: rgba(18, 150, 136, 1);\" rel=\"nofollow sponsored\" href=\"https:\/\/magalhaesdealmeida.ma.gov.br\/transparencia\/wp-content\/uploads\/2024\/05\/CONTRATO-N.o-20220630001.2022.pdf\">Download<\/a><\/td>        <\/tr>\n            <tr data-row_id=\"11\" class=\"ninja_table_row_11 nt_row_id_11\">\n            <td>Execu\u00e7\u00e3o de reforma do Mercado Municipal de Magalh\u00e3es de Almeida - TOMADA DE PRE\u00c7OS N.\u00ba 006\/2021<\/td><td>Em Andamento<\/td><td>06\/01\/2022<\/td><td>CONSTRU\u00c7\u00c3O<\/td><td>OUTRO - FEDERAL (CEF E OUTROS) MINIST\u00c9RIO DA AGRICULTURA, PECUARIA E ABASTECIMENTO N\u00ba \/ ANO DA PROPOSTA: 025270\/2020.<\/td><td>Sede<\/td><td>31\/12\/2025<\/td><td>https:\/\/licitacoes.magalhaesdealmeida.ma.gov.br\/contratos\/contrato-n-o-20220105001-2022\/<\/td><td>2021<\/td><td><a target=\"_blank\" download class=\"nt_btn nt_rounded_btn\" style=\"color: rgba(255, 255, 255, 1);background-color: rgba(18, 150, 136, 1);border-color: rgba(18, 150, 136, 1);\" rel=\"nofollow sponsored\" href=\"https:\/\/magalhaesdealmeida.ma.gov.br\/transparencia\/wp-content\/uploads\/2024\/05\/CONTRATO-N.o-20220105001.2022.pdf\">Download<\/a><\/td>        <\/tr>\n            <tr data-row_id=\"12\" class=\"ninja_table_row_12 nt_row_id_12\">\n            <td>Execu\u00e7\u00e3o dos servi\u00e7os de Pavimenta\u00e7\u00e3o Poliedrica na localidade Entreladeiras no municipio de Magalh\u00e3es de Almeida\/MA - TOMADA DE PRE\u00c7OS N.\u00ba 005\/2021<\/td><td>Em Andamento<\/td><td>20\/10\/2021<\/td><td>CONSTRU\u00c7\u00c3O<\/td><td>RECURSO PR\u00d3PRIO<\/td><td>Povoado Entreladeiras<\/td><td>31\/12\/2022<\/td><td>https:\/\/licitacoes.magalhaesdealmeida.ma.gov.br\/contratos\/contrato-no-202121020001-2021\/<\/td><td>2021<\/td><td><a target=\"_blank\" download class=\"nt_btn nt_rounded_btn\" style=\"color: rgba(255, 255, 255, 1);background-color: rgba(18, 150, 136, 1);border-color: rgba(18, 150, 136, 1);\" rel=\"nofollow sponsored\" href=\"https:\/\/magalhaesdealmeida.ma.gov.br\/transparencia\/wp-content\/uploads\/2024\/05\/CONTRATO-No-202121020001.pdf\">Download<\/a><\/td>        <\/tr>\n    <\/tbody><!--ninja_tobody_rendering_done-->\n    <\/table>\n    \n    \n    \n<\/div>\n\n","protected":false},"excerpt":{"rendered":"<p>Acesse as informa\u00e7\u00f5es sobre as Obras da Prefeitura Municipal<\/p>\n","protected":false},"author":1,"featured_media":26922,"parent":0,"menu_order":0,"comment_status":"closed","ping_status":"closed","template":"","meta":{"_acf_changed":false,"footnotes":""},"categories":[1,84],"tags":[],"class_list":["post-18840","page","type-page","status-publish","has-post-thumbnail","hentry","category-exibir-front","category-obras-publicas"],"acf":{"nome":"Obras","link":"https:\/\/magalhaesdealmeida.ma.gov.br\/transparencia\/obras\/","icone":"fas fa-file"},"_links":{"self":[{"href":"https:\/\/magalhaesdealmeida.ma.gov.br\/transparencia\/wp-json\/wp\/v2\/pages\/18840","targetHints":{"allow":["GET"]}}],"collection":[{"href":"https:\/\/magalhaesdealmeida.ma.gov.br\/transparencia\/wp-json\/wp\/v2\/pages"}],"about":[{"href":"https:\/\/magalhaesdealmeida.ma.gov.br\/transparencia\/wp-json\/wp\/v2\/types\/page"}],"author":[{"embeddable":true,"href":"https:\/\/magalhaesdealmeida.ma.gov.br\/transparencia\/wp-json\/wp\/v2\/users\/1"}],"replies":[{"embeddable":true,"href":"https:\/\/magalhaesdealmeida.ma.gov.br\/transparencia\/wp-json\/wp\/v2\/comments?post=18840"}],"version-history":[{"count":3,"href":"https:\/\/magalhaesdealmeida.ma.gov.br\/transparencia\/wp-json\/wp\/v2\/pages\/18840\/revisions"}],"predecessor-version":[{"id":19021,"href":"https:\/\/magalhaesdealmeida.ma.gov.br\/transparencia\/wp-json\/wp\/v2\/pages\/18840\/revisions\/19021"}],"wp:featuredmedia":[{"embeddable":true,"href":"https:\/\/magalhaesdealmeida.ma.gov.br\/transparencia\/wp-json\/wp\/v2\/media\/26922"}],"wp:attachment":[{"href":"https:\/\/magalhaesdealmeida.ma.gov.br\/transparencia\/wp-json\/wp\/v2\/media?parent=18840"}],"wp:term":[{"taxonomy":"category","embeddable":true,"href":"https:\/\/magalhaesdealmeida.ma.gov.br\/transparencia\/wp-json\/wp\/v2\/categories?post=18840"},{"taxonomy":"post_tag","embeddable":true,"href":"https:\/\/magalhaesdealmeida.ma.gov.br\/transparencia\/wp-json\/wp\/v2\/tags?post=18840"}],"curies":[{"name":"wp","href":"https:\/\/api.w.org\/{rel}","templated":true}]}}