{"id":18858,"date":"2020-08-08T21:42:48","date_gmt":"2020-08-09T00:42:48","guid":{"rendered":"https:\/\/magalhaesdealmeida.ma.gov.br\/transparencia\/?page_id=18858"},"modified":"2025-02-20T13:51:33","modified_gmt":"2025-02-20T16:51:33","slug":"plano-de-contratacao-anual","status":"publish","type":"page","link":"https:\/\/magalhaesdealmeida.ma.gov.br\/transparencia\/plano-de-contratacao-anual\/","title":{"rendered":"Plano de Contrata\u00e7\u00e3o Anual"},"content":{"rendered":"<p>Acesse o Plano de Contrata\u00e7\u00e3o Anual<\/p>\n<div id=\"footable_parent_19004\"\n         class=\" footable_parent ninja_table_wrapper loading_ninja_table wp_table_data_press_parent semantic_ui colored_table\">\n                <table data-ninja_table_instance=\"ninja_table_instance_0\" data-footable_id=\"19004\" data-filter-delay=\"1000\" aria-label=\"Plano Anual de Contrata\u00e7\u00f5es\"            id=\"footable_19004\"\n           data-unique_identifier=\"ninja_table_unique_id_3710987573_19004\"\n           class=\" foo-table ninja_footable foo_table_19004 ninja_table_unique_id_3710987573_19004 ui table  white nt_type_legacy_table selectable striped vertical_centered inverted footable-paging-right ninja_table_pro ninja_table_afd_inline ninja_table_has_custom_filter\">\n                <colgroup>\n                            <col class=\"ninja_column_0 \">\n                            <col class=\"ninja_column_1 \">\n                            <col class=\"ninja_column_2 \">\n                            <col class=\"ninja_column_3 \">\n                    <\/colgroup>\n        <thead>\n<tr class=\"footable-header\">\n                                                                        <th scope=\"col\"  class=\"ninja_column_0 ninja_clmn_nm_posttitle \">Descri\u00e7\u00e3o<\/th><th scope=\"col\"  class=\"ninja_column_1 ninja_clmn_nm_postdate \">Data da Publica\u00e7\u00e3o<\/th><th scope=\"col\"  class=\"ninja_column_2 ninja_clmn_nm_planodecontratacoesano \">Ano<\/th><th scope=\"col\"  class=\"ninja_column_3 ninja_clmn_nm_download \">Download<\/th><\/tr>\n<\/thead>\n<tbody>\n\n        <tr data-row_id=\"0\" class=\"ninja_table_row_0 nt_row_id_0\">\n            <td>DECLARA\u00c7\u00c3O ELABORA\u00c7\u00c3O DO PLANO DE CONTRATA\u00c7\u00c3O ANUAL<\/td><td>02\/07\/2025<\/td><td>2025<\/td><td><a target=\"_blank\" download class=\"nt_btn nt_rounded_btn\" style=\"color: rgba(255, 255, 255, 1);background-color: rgba(18, 150, 136, 1);border-color: rgba(18, 150, 136, 1);\" rel=\"nofollow sponsored\" href=\"https:\/\/magalhaesdealmeida.ma.gov.br\/transparencia\/wp-content\/uploads\/2025\/07\/DECLARACAO-PLANO-DE-CONTRATACAO-ANUAL.pdf\">Download<\/a><\/td>        <\/tr>\n            <tr data-row_id=\"1\" class=\"ninja_table_row_1 nt_row_id_1\">\n            <td>DECLARA\u00c7\u00c3O - PLANO DE CONTRATA\u00c7\u00d5ES ANUAL - PCA<\/td><td>29\/08\/2023<\/td><td>2023<\/td><td><a target=\"_blank\" download class=\"nt_btn nt_rounded_btn\" style=\"color: rgba(255, 255, 255, 1);background-color: rgba(18, 150, 136, 1);border-color: rgba(18, 150, 136, 1);\" rel=\"nofollow sponsored\" href=\"https:\/\/magalhaesdealmeida.ma.gov.br\/transparencia\/wp-content\/uploads\/2023\/09\/DECLARACAO-PCA-PMMA.pdf\">Download<\/a><\/td>        <\/tr>\n    <\/tbody><!--ninja_tobody_rendering_done-->\n    <\/table>\n    \n    \n    \n<\/div>\n\n","protected":false},"excerpt":{"rendered":"<p>Acesse o Plano de Contrata\u00e7\u00e3o Anual<\/p>\n","protected":false},"author":1,"featured_media":26922,"parent":0,"menu_order":0,"comment_status":"closed","ping_status":"closed","template":"","meta":{"_acf_changed":false,"footnotes":""},"categories":[1,83],"tags":[],"class_list":["post-18858","page","type-page","status-publish","has-post-thumbnail","hentry","category-exibir-front","category-licitacoes-e-contratos"],"acf":{"nome":"Plano de Contrata\u00e7\u00e3o Anual","link":"https:\/\/magalhaesdealmeida.ma.gov.br\/transparencia\/plano-de-contratacao-anual\/","icone":"fas fa-file"},"_links":{"self":[{"href":"https:\/\/magalhaesdealmeida.ma.gov.br\/transparencia\/wp-json\/wp\/v2\/pages\/18858","targetHints":{"allow":["GET"]}}],"collection":[{"href":"https:\/\/magalhaesdealmeida.ma.gov.br\/transparencia\/wp-json\/wp\/v2\/pages"}],"about":[{"href":"https:\/\/magalhaesdealmeida.ma.gov.br\/transparencia\/wp-json\/wp\/v2\/types\/page"}],"author":[{"embeddable":true,"href":"https:\/\/magalhaesdealmeida.ma.gov.br\/transparencia\/wp-json\/wp\/v2\/users\/1"}],"replies":[{"embeddable":true,"href":"https:\/\/magalhaesdealmeida.ma.gov.br\/transparencia\/wp-json\/wp\/v2\/comments?post=18858"}],"version-history":[{"count":3,"href":"https:\/\/magalhaesdealmeida.ma.gov.br\/transparencia\/wp-json\/wp\/v2\/pages\/18858\/revisions"}],"predecessor-version":[{"id":19019,"href":"https:\/\/magalhaesdealmeida.ma.gov.br\/transparencia\/wp-json\/wp\/v2\/pages\/18858\/revisions\/19019"}],"wp:featuredmedia":[{"embeddable":true,"href":"https:\/\/magalhaesdealmeida.ma.gov.br\/transparencia\/wp-json\/wp\/v2\/media\/26922"}],"wp:attachment":[{"href":"https:\/\/magalhaesdealmeida.ma.gov.br\/transparencia\/wp-json\/wp\/v2\/media?parent=18858"}],"wp:term":[{"taxonomy":"category","embeddable":true,"href":"https:\/\/magalhaesdealmeida.ma.gov.br\/transparencia\/wp-json\/wp\/v2\/categories?post=18858"},{"taxonomy":"post_tag","embeddable":true,"href":"https:\/\/magalhaesdealmeida.ma.gov.br\/transparencia\/wp-json\/wp\/v2\/tags?post=18858"}],"curies":[{"name":"wp","href":"https:\/\/api.w.org\/{rel}","templated":true}]}}