{"id":18862,"date":"2020-08-08T21:44:40","date_gmt":"2020-08-09T00:44:40","guid":{"rendered":"https:\/\/magalhaesdealmeida.ma.gov.br\/transparencia\/?page_id=18862"},"modified":"2025-02-20T13:52:16","modified_gmt":"2025-02-20T16:52:16","slug":"licitantes-contratados-e-sancionados","status":"publish","type":"page","link":"https:\/\/magalhaesdealmeida.ma.gov.br\/transparencia\/licitantes-contratados-e-sancionados\/","title":{"rendered":"Licitantes Contratados e\/ou Sancionados"},"content":{"rendered":"<p>Acessar os Licitantes Contratados e Sancionados<\/p>\n<div id=\"footable_parent_19009\"\n         class=\" footable_parent ninja_table_wrapper loading_ninja_table wp_table_data_press_parent semantic_ui colored_table\">\n                <table data-ninja_table_instance=\"ninja_table_instance_0\" data-footable_id=\"19009\" data-filter-delay=\"1000\" aria-label=\"Licitantes Contratados\/Sancionados\"            id=\"footable_19009\"\n           data-unique_identifier=\"ninja_table_unique_id_2239689238_19009\"\n           class=\" foo-table ninja_footable foo_table_19009 ninja_table_unique_id_2239689238_19009 ui table  white nt_type_legacy_table selectable striped vertical_centered inverted footable-paging-right ninja_table_pro ninja_table_afd_inline ninja_table_has_custom_filter\">\n                <colgroup>\n                            <col class=\"ninja_column_0 \">\n                            <col class=\"ninja_column_1 \">\n                            <col class=\"ninja_column_2 \">\n                            <col class=\"ninja_column_3 \">\n                    <\/colgroup>\n        <thead>\n<tr class=\"footable-header\">\n                                                                        <th scope=\"col\"  class=\"ninja_column_0 ninja_clmn_nm_posttitle \">Descri\u00e7\u00e3o<\/th><th scope=\"col\"  class=\"ninja_column_1 ninja_clmn_nm_postdate \">Data da Publica\u00e7\u00e3o<\/th><th scope=\"col\"  class=\"ninja_column_2 ninja_clmn_nm_licitantescontratadano \">Ano<\/th><th scope=\"col\"  class=\"ninja_column_3 ninja_clmn_nm_download \">Download<\/th><\/tr>\n<\/thead>\n<tbody>\n\n        <tr data-row_id=\"0\" class=\"ninja_table_row_0 nt_row_id_0\">\n            <td>LICITANTES E CONTRATOS \u2013 DECLARA\u00c7\u00c3O DE INEXIST\u00caNCIA DE SAN\u00c7\u00c3O \u00c0 LICITANTE 2026<\/td><td>09\/04\/2026<\/td><td><\/td><td><a target=\"_blank\" download class=\"nt_btn nt_rounded_btn\" style=\"color: rgba(255, 255, 255, 1);background-color: rgba(18, 150, 136, 1);border-color: rgba(18, 150, 136, 1);\" rel=\"nofollow sponsored\" href=\"https:\/\/magalhaesdealmeida.ma.gov.br\/transparencia\/wp-content\/uploads\/2026\/04\/LICITANTES-E-CONTRATOS-SANCIONADOS.pdf\">Download<\/a><\/td>        <\/tr>\n            <tr data-row_id=\"1\" class=\"ninja_table_row_1 nt_row_id_1\">\n            <td>LICITANTES E CONTRATOS - DECLARA\u00c7\u00c3O DE INEXIST\u00caNCIA DE SAN\u00c7\u00c3O \u00c0 LICITANTE 2026<\/td><td>04\/03\/2026<\/td><td><\/td><td><a target=\"_blank\" download class=\"nt_btn nt_rounded_btn\" style=\"color: rgba(255, 255, 255, 1);background-color: rgba(18, 150, 136, 1);border-color: rgba(18, 150, 136, 1);\" rel=\"nofollow sponsored\" href=\"https:\/\/magalhaesdealmeida.ma.gov.br\/transparencia\/wp-content\/uploads\/2026\/03\/LICITANTES-E-CONTRATOS-SANCIONADOS-1.pdf\">Download<\/a><\/td>        <\/tr>\n            <tr data-row_id=\"2\" class=\"ninja_table_row_2 nt_row_id_2\">\n            <td>LICITANTES CONTRATADOS \u2013 DECLARA\u00c7\u00c3O DE INEXIST\u00caNCIA DE SAN\u00c7\u00c3O \u00c0 LICITANTE 2025<\/td><td>03\/12\/2025<\/td><td>2021, 2022, 2023, 2024, 2025<\/td><td><a target=\"_blank\" download class=\"nt_btn nt_rounded_btn\" style=\"color: rgba(255, 255, 255, 1);background-color: rgba(18, 150, 136, 1);border-color: rgba(18, 150, 136, 1);\" rel=\"nofollow sponsored\" href=\"https:\/\/magalhaesdealmeida.ma.gov.br\/transparencia\/wp-content\/uploads\/2025\/12\/LICITANTES-E-CONTRATOS-SANCIONADOS-dezembro-1.pdf\">Download<\/a><\/td>        <\/tr>\n            <tr data-row_id=\"3\" class=\"ninja_table_row_3 nt_row_id_3\">\n            <td>LICITANTES CONTRATADOS \u2013 DECLARA\u00c7\u00c3O DE INEXIST\u00caNCIA DE SAN\u00c7\u00c3O \u00c0 LICITANTE 2025<\/td><td>05\/11\/2025<\/td><td>2021, 2022, 2023, 2024, 2025<\/td><td><a target=\"_blank\" download class=\"nt_btn nt_rounded_btn\" style=\"color: rgba(255, 255, 255, 1);background-color: rgba(18, 150, 136, 1);border-color: rgba(18, 150, 136, 1);\" rel=\"nofollow sponsored\" href=\"https:\/\/magalhaesdealmeida.ma.gov.br\/transparencia\/wp-content\/uploads\/2025\/11\/Declaracao-de-Inexistencia-de-Sancao-de-Licitantes-1.pdf\">Download<\/a><\/td>        <\/tr>\n            <tr data-row_id=\"4\" class=\"ninja_table_row_4 nt_row_id_4\">\n            <td>LICITANTES CONTRATADOS \u2013 DECLARA\u00c7\u00c3O DE INEXIST\u00caNCIA DE SAN\u00c7\u00c3O \u00c0 LICITANTE 2025<\/td><td>08\/10\/2025<\/td><td>2025<\/td><td><a target=\"_blank\" download class=\"nt_btn nt_rounded_btn\" style=\"color: rgba(255, 255, 255, 1);background-color: rgba(18, 150, 136, 1);border-color: rgba(18, 150, 136, 1);\" rel=\"nofollow sponsored\" href=\"https:\/\/magalhaesdealmeida.ma.gov.br\/transparencia\/wp-content\/uploads\/2025\/10\/LICITANTES-E-CONTRATOS-SANCIONADOS-1.pdf\">Download<\/a><\/td>        <\/tr>\n            <tr data-row_id=\"5\" class=\"ninja_table_row_5 nt_row_id_5\">\n            <td>LICITANTES CONTRATADOS \u2013 DECLARA\u00c7\u00c3O DE INEXIST\u00caNCIA DE SAN\u00c7\u00c3O \u00c0 LICITANTE 2025<\/td><td>02\/09\/2025<\/td><td>2025<\/td><td><a target=\"_blank\" download class=\"nt_btn nt_rounded_btn\" style=\"color: rgba(255, 255, 255, 1);background-color: rgba(18, 150, 136, 1);border-color: rgba(18, 150, 136, 1);\" rel=\"nofollow sponsored\" href=\"https:\/\/magalhaesdealmeida.ma.gov.br\/transparencia\/wp-content\/uploads\/2025\/09\/LICITANTES-E-CONTRATOS-SANCIONADOS.pdf\">Download<\/a><\/td>        <\/tr>\n            <tr data-row_id=\"6\" class=\"ninja_table_row_6 nt_row_id_6\">\n            <td>LICITANTES CONTRATADOS - DECLARA\u00c7\u00c3O DE INEXIST\u00caNCIA DE SAN\u00c7\u00c3O \u00c0 LICITANTE 2025<\/td><td>29\/07\/2025<\/td><td>2025<\/td><td><a target=\"_blank\" download class=\"nt_btn nt_rounded_btn\" style=\"color: rgba(255, 255, 255, 1);background-color: rgba(18, 150, 136, 1);border-color: rgba(18, 150, 136, 1);\" rel=\"nofollow sponsored\" href=\"https:\/\/magalhaesdealmeida.ma.gov.br\/transparencia\/wp-content\/uploads\/2025\/07\/LICITANTES-E-CONTRATOS-SANCIONADOS.pdf\">Download<\/a><\/td>        <\/tr>\n            <tr data-row_id=\"7\" class=\"ninja_table_row_7 nt_row_id_7\">\n            <td>DECLARA\u00c7\u00c3O - LICITANTES E CONTRATOS SANCIONDOS<\/td><td>27\/05\/2025<\/td><td>2021, 2022, 2023, 2024, 2025<\/td><td><a target=\"_blank\" download class=\"nt_btn nt_rounded_btn\" style=\"color: rgba(255, 255, 255, 1);background-color: rgba(18, 150, 136, 1);border-color: rgba(18, 150, 136, 1);\" rel=\"nofollow sponsored\" href=\"https:\/\/magalhaesdealmeida.ma.gov.br\/transparencia\/wp-content\/uploads\/2025\/05\/LICITANTES-E-CONTRATOS-SANCIONADOS.pdf\">Download<\/a><\/td>        <\/tr>\n    <\/tbody><!--ninja_tobody_rendering_done-->\n    <\/table>\n    \n    \n    \n<\/div>\n\n","protected":false},"excerpt":{"rendered":"<p>Acessar os Licitantes Contratados e Sancionados<\/p>\n","protected":false},"author":1,"featured_media":26922,"parent":0,"menu_order":0,"comment_status":"closed","ping_status":"closed","template":"","meta":{"_acf_changed":false,"footnotes":""},"categories":[1,83],"tags":[],"class_list":["post-18862","page","type-page","status-publish","has-post-thumbnail","hentry","category-exibir-front","category-licitacoes-e-contratos"],"acf":{"nome":"Licitantes Contratados e Sancionados","link":"https:\/\/magalhaesdealmeida.ma.gov.br\/transparencia\/licitantes-contratados-e-sancionados\/","icone":"fas fa-file"},"_links":{"self":[{"href":"https:\/\/magalhaesdealmeida.ma.gov.br\/transparencia\/wp-json\/wp\/v2\/pages\/18862","targetHints":{"allow":["GET"]}}],"collection":[{"href":"https:\/\/magalhaesdealmeida.ma.gov.br\/transparencia\/wp-json\/wp\/v2\/pages"}],"about":[{"href":"https:\/\/magalhaesdealmeida.ma.gov.br\/transparencia\/wp-json\/wp\/v2\/types\/page"}],"author":[{"embeddable":true,"href":"https:\/\/magalhaesdealmeida.ma.gov.br\/transparencia\/wp-json\/wp\/v2\/users\/1"}],"replies":[{"embeddable":true,"href":"https:\/\/magalhaesdealmeida.ma.gov.br\/transparencia\/wp-json\/wp\/v2\/comments?post=18862"}],"version-history":[{"count":4,"href":"https:\/\/magalhaesdealmeida.ma.gov.br\/transparencia\/wp-json\/wp\/v2\/pages\/18862\/revisions"}],"predecessor-version":[{"id":21531,"href":"https:\/\/magalhaesdealmeida.ma.gov.br\/transparencia\/wp-json\/wp\/v2\/pages\/18862\/revisions\/21531"}],"wp:featuredmedia":[{"embeddable":true,"href":"https:\/\/magalhaesdealmeida.ma.gov.br\/transparencia\/wp-json\/wp\/v2\/media\/26922"}],"wp:attachment":[{"href":"https:\/\/magalhaesdealmeida.ma.gov.br\/transparencia\/wp-json\/wp\/v2\/media?parent=18862"}],"wp:term":[{"taxonomy":"category","embeddable":true,"href":"https:\/\/magalhaesdealmeida.ma.gov.br\/transparencia\/wp-json\/wp\/v2\/categories?post=18862"},{"taxonomy":"post_tag","embeddable":true,"href":"https:\/\/magalhaesdealmeida.ma.gov.br\/transparencia\/wp-json\/wp\/v2\/tags?post=18862"}],"curies":[{"name":"wp","href":"https:\/\/api.w.org\/{rel}","templated":true}]}}