{"id":21557,"date":"2021-03-10T23:38:51","date_gmt":"2021-03-11T02:38:51","guid":{"rendered":"https:\/\/magalhaesdealmeida.ma.gov.br\/transparencia\/?page_id=21557"},"modified":"2025-07-01T15:13:15","modified_gmt":"2025-07-01T18:13:15","slug":"obras-paralisadas","status":"publish","type":"page","link":"https:\/\/magalhaesdealmeida.ma.gov.br\/transparencia\/obras-paralisadas\/","title":{"rendered":"Obras Paralisadas"},"content":{"rendered":"<p>Acesse as informa\u00e7\u00f5es sobre as Obras \u2013 Quantitativos, os pre\u00e7os unit\u00e1rios e totais contratados da Prefeitura Municipal<br \/>\n<div id=\"footable_parent_21556\"\n         class=\" footable_parent ninja_table_wrapper loading_ninja_table wp_table_data_press_parent semantic_ui colored_table\">\n                <table data-ninja_table_instance=\"ninja_table_instance_0\" data-footable_id=\"21556\" data-filter-delay=\"1000\" aria-label=\"Obras \u2013 Quantitativos, os pre\u00e7os unit\u00e1rios e totais contratados\"            id=\"footable_21556\"\n           data-unique_identifier=\"ninja_table_unique_id_2717680827_21556\"\n           class=\" foo-table ninja_footable foo_table_21556 ninja_table_unique_id_2717680827_21556 ui table  white nt_type_legacy_table selectable striped vertical_centered inverted footable-paging-right ninja_table_pro ninja_table_afd_inline ninja_table_has_custom_filter\">\n                <colgroup>\n                            <col class=\"ninja_column_0 \">\n                            <col class=\"ninja_column_1 \">\n                            <col class=\"ninja_column_2 \">\n                            <col class=\"ninja_column_3 \">\n                            <col class=\"ninja_column_4 \">\n                            <col class=\"ninja_column_5 \">\n                            <col class=\"ninja_column_6 \">\n                    <\/colgroup>\n        <thead>\n<tr class=\"footable-header\">\n                                                                                                                        <th scope=\"col\"  class=\"ninja_column_0 ninja_clmn_nm_contrato \">Contrato<\/th><th scope=\"col\"  class=\"ninja_column_1 ninja_clmn_nm_contratada \">Contratada<\/th><th scope=\"col\"  class=\"ninja_column_2 ninja_clmn_nm_objeto \">Objeto<\/th><th scope=\"col\"  class=\"ninja_column_3 ninja_clmn_nm_status \">Status<\/th><th scope=\"col\"  class=\"ninja_column_4 ninja_clmn_nm_oqputcano \">Ano<\/th><th scope=\"col\"  class=\"ninja_column_5 ninja_clmn_nm_previsao_de_conclusao \">Previs\u00e3o de Conclus\u00e3o<\/th><th scope=\"col\"  class=\"ninja_column_6 ninja_clmn_nm_download \">Download<\/th><\/tr>\n<\/thead>\n<tbody>\n\n        <tr data-row_id=\"0\" class=\"ninja_table_row_0 nt_row_id_0\">\n            <td><\/td><td><\/td><td><\/td><td>Conclu\u00edda<\/td><td><\/td><td><\/td><td><a target=\"_blank\" download class=\"nt_btn nt_rounded_btn\" style=\"color: rgba(255, 255, 255, 1);background-color: rgba(18, 150, 136, 1);border-color: rgba(18, 150, 136, 1);\" rel=\"nofollow sponsored\" href=\"https:\/\/magalhaesdealmeida.ma.gov.br\/transparencia\/wp-content\/uploads\/2026\/04\/OBRAS-PARALISADAS-1.pdf\">Download<\/a><\/td>        <\/tr>\n            <tr data-row_id=\"1\" class=\"ninja_table_row_1 nt_row_id_1\">\n            <td><\/td><td><\/td><td><\/td><td>Conclu\u00edda<\/td><td>2025<\/td><td><\/td><td><a target=\"_blank\" download class=\"nt_btn nt_rounded_btn\" style=\"color: rgba(255, 255, 255, 1);background-color: rgba(18, 150, 136, 1);border-color: rgba(18, 150, 136, 1);\" rel=\"nofollow sponsored\" href=\"https:\/\/magalhaesdealmeida.ma.gov.br\/transparencia\/wp-content\/uploads\/2025\/12\/OBRAS-PARALISADAS-dezembro-1.pdf\">Download<\/a><\/td>        <\/tr>\n            <tr data-row_id=\"2\" class=\"ninja_table_row_2 nt_row_id_2\">\n            <td><\/td><td><\/td><td><\/td><td>Conclu\u00edda<\/td><td>2025<\/td><td><\/td><td><a target=\"_blank\" download class=\"nt_btn nt_rounded_btn\" style=\"color: rgba(255, 255, 255, 1);background-color: rgba(18, 150, 136, 1);border-color: rgba(18, 150, 136, 1);\" rel=\"nofollow sponsored\" href=\"https:\/\/magalhaesdealmeida.ma.gov.br\/transparencia\/wp-content\/uploads\/2025\/11\/OBRAS-PARALISADAS-10.2025.pdf\">Download<\/a><\/td>        <\/tr>\n            <tr data-row_id=\"3\" class=\"ninja_table_row_3 nt_row_id_3\">\n            <td><\/td><td><\/td><td><\/td><td>Conclu\u00edda<\/td><td>2025<\/td><td><\/td><td><a target=\"_blank\" download class=\"nt_btn nt_rounded_btn\" style=\"color: rgba(255, 255, 255, 1);background-color: rgba(18, 150, 136, 1);border-color: rgba(18, 150, 136, 1);\" rel=\"nofollow sponsored\" href=\"https:\/\/magalhaesdealmeida.ma.gov.br\/transparencia\/wp-content\/uploads\/2025\/10\/OBRAS-PARALISADAS-1.pdf\">Download<\/a><\/td>        <\/tr>\n            <tr data-row_id=\"4\" class=\"ninja_table_row_4 nt_row_id_4\">\n            <td><\/td><td><\/td><td><\/td><td>Conclu\u00edda<\/td><td>2025<\/td><td><\/td><td><a target=\"_blank\" download class=\"nt_btn nt_rounded_btn\" style=\"color: rgba(255, 255, 255, 1);background-color: rgba(18, 150, 136, 1);border-color: rgba(18, 150, 136, 1);\" rel=\"nofollow sponsored\" href=\"https:\/\/magalhaesdealmeida.ma.gov.br\/transparencia\/wp-content\/uploads\/2025\/09\/OBRAS-PARALISADAS-1.pdf\">Download<\/a><\/td>        <\/tr>\n            <tr data-row_id=\"5\" class=\"ninja_table_row_5 nt_row_id_5\">\n            <td>DECLARA\u00c7\u00c3O DE INEXIST\u00caNCIA DE OBRAS PARALISADAS<\/td><td><\/td><td><\/td><td>Conclu\u00edda<\/td><td>2025<\/td><td><\/td><td><a target=\"_blank\" download class=\"nt_btn nt_rounded_btn\" style=\"color: rgba(255, 255, 255, 1);background-color: rgba(18, 150, 136, 1);border-color: rgba(18, 150, 136, 1);\" rel=\"nofollow sponsored\" href=\"https:\/\/magalhaesdealmeida.ma.gov.br\/transparencia\/wp-content\/uploads\/2025\/08\/OBRAS-PARALISADAS-1.pdf\">Download<\/a><\/td>        <\/tr>\n            <tr data-row_id=\"6\" class=\"ninja_table_row_6 nt_row_id_6\">\n            <td>DECLARA\u00c7\u00c3O DE INEXIST\u00caNCIA DE OBRAS PARALISADAS<\/td><td><\/td><td><\/td><td>Conclu\u00edda<\/td><td>2025<\/td><td><\/td><td><a target=\"_blank\" download class=\"nt_btn nt_rounded_btn\" style=\"color: rgba(255, 255, 255, 1);background-color: rgba(18, 150, 136, 1);border-color: rgba(18, 150, 136, 1);\" rel=\"nofollow sponsored\" href=\"https:\/\/magalhaesdealmeida.ma.gov.br\/transparencia\/wp-content\/uploads\/2025\/07\/OBRAS-PARALISADAS-1.pdf\">Download<\/a><\/td>        <\/tr>\n    <\/tbody><!--ninja_tobody_rendering_done-->\n    <\/table>\n    \n    \n    \n<\/div>\n<\/p>\n","protected":false},"excerpt":{"rendered":"<p>Acesse as informa\u00e7\u00f5es sobre as Obras \u2013 Quantitativos, os pre\u00e7os unit\u00e1rios e totais contratados da Prefeitura Municipal<\/p>\n","protected":false},"author":1,"featured_media":26922,"parent":0,"menu_order":0,"comment_status":"closed","ping_status":"closed","template":"","meta":{"_acf_changed":false,"footnotes":""},"categories":[1,84],"tags":[],"class_list":["post-21557","page","type-page","status-publish","has-post-thumbnail","hentry","category-exibir-front","category-obras-publicas"],"acf":{"nome":"Obras Paralisadas","link":"https:\/\/magalhaesdealmeida.ma.gov.br\/transparencia\/obras-paralisadas\/","icone":"fas fa-file"},"_links":{"self":[{"href":"https:\/\/magalhaesdealmeida.ma.gov.br\/transparencia\/wp-json\/wp\/v2\/pages\/21557","targetHints":{"allow":["GET"]}}],"collection":[{"href":"https:\/\/magalhaesdealmeida.ma.gov.br\/transparencia\/wp-json\/wp\/v2\/pages"}],"about":[{"href":"https:\/\/magalhaesdealmeida.ma.gov.br\/transparencia\/wp-json\/wp\/v2\/types\/page"}],"author":[{"embeddable":true,"href":"https:\/\/magalhaesdealmeida.ma.gov.br\/transparencia\/wp-json\/wp\/v2\/users\/1"}],"replies":[{"embeddable":true,"href":"https:\/\/magalhaesdealmeida.ma.gov.br\/transparencia\/wp-json\/wp\/v2\/comments?post=21557"}],"version-history":[{"count":5,"href":"https:\/\/magalhaesdealmeida.ma.gov.br\/transparencia\/wp-json\/wp\/v2\/pages\/21557\/revisions"}],"predecessor-version":[{"id":25502,"href":"https:\/\/magalhaesdealmeida.ma.gov.br\/transparencia\/wp-json\/wp\/v2\/pages\/21557\/revisions\/25502"}],"wp:featuredmedia":[{"embeddable":true,"href":"https:\/\/magalhaesdealmeida.ma.gov.br\/transparencia\/wp-json\/wp\/v2\/media\/26922"}],"wp:attachment":[{"href":"https:\/\/magalhaesdealmeida.ma.gov.br\/transparencia\/wp-json\/wp\/v2\/media?parent=21557"}],"wp:term":[{"taxonomy":"category","embeddable":true,"href":"https:\/\/magalhaesdealmeida.ma.gov.br\/transparencia\/wp-json\/wp\/v2\/categories?post=21557"},{"taxonomy":"post_tag","embeddable":true,"href":"https:\/\/magalhaesdealmeida.ma.gov.br\/transparencia\/wp-json\/wp\/v2\/tags?post=21557"}],"curies":[{"name":"wp","href":"https:\/\/api.w.org\/{rel}","templated":true}]}}