{"id":21641,"date":"2020-04-30T14:59:12","date_gmt":"2020-04-30T17:59:12","guid":{"rendered":"https:\/\/magalhaesdealmeida.ma.gov.br\/transparencia\/?page_id=21641"},"modified":"2025-05-29T10:40:19","modified_gmt":"2025-05-29T13:40:19","slug":"lista-de-medicamentos","status":"publish","type":"page","link":"https:\/\/magalhaesdealmeida.ma.gov.br\/transparencia\/lista-de-medicamentos\/","title":{"rendered":"Estoques de medicamentos das farm\u00e1cias p\u00fablicas"},"content":{"rendered":"<p>Acesse a Lista de Medicamentos fornecidos pelo SUS e informa\u00e7\u00f5es de como obter os medicamentos.<br \/>\n<div id=\"footable_parent_21640\"\n         class=\" footable_parent ninja_table_wrapper loading_ninja_table wp_table_data_press_parent semantic_ui colored_table\">\n                <table data-ninja_table_instance=\"ninja_table_instance_0\" data-footable_id=\"21640\" data-filter-delay=\"1000\" aria-label=\"Lista de Medicamentos\"            id=\"footable_21640\"\n           data-unique_identifier=\"ninja_table_unique_id_2010764325_21640\"\n           class=\" foo-table ninja_footable foo_table_21640 ninja_table_unique_id_2010764325_21640 ui table  white nt_type_legacy_table selectable striped vertical_centered inverted footable-paging-right ninja_table_pro ninja_table_afd_inline ninja_table_has_custom_filter\">\n                <colgroup>\n                            <col class=\"ninja_column_0 \">\n                            <col class=\"ninja_column_1 \">\n                            <col class=\"ninja_column_2 \">\n                            <col class=\"ninja_column_3 \">\n                            <col class=\"ninja_column_4 \">\n                    <\/colgroup>\n        <thead>\n<tr class=\"footable-header\">\n                                                                                        <th scope=\"col\"  class=\"ninja_column_0 ninja_clmn_nm_posttitle \">Descri\u00e7\u00e3o<\/th><th scope=\"col\"  class=\"ninja_column_1 ninja_clmn_nm_postdate \">Data da Publica\u00e7\u00e3o<\/th><th scope=\"col\"  class=\"ninja_column_2 ninja_clmn_nm_listademedicamentoano \">Ano<\/th><th scope=\"col\"  class=\"ninja_column_3 ninja_clmn_nm_listademedicamentomes \">Mes<\/th><th scope=\"col\"  class=\"ninja_column_4 ninja_clmn_nm_download \">Download<\/th><\/tr>\n<\/thead>\n<tbody>\n\n        <tr data-row_id=\"0\" class=\"ninja_table_row_0 nt_row_id_0\">\n            <td>MEDICAMENTOS DE AUTO CUSTO COMO OBTER<\/td><td>04\/03\/2026<\/td><td><\/td><td><a  data-target_column=listademedicamentomes class=\"ninja_table_permalink ninja_table_do_column_filter\"  href='https:\/\/magalhaesdealmeida.ma.gov.br\/transparencia\/mes\/marco\/'>Mar\u00e7o<\/a><\/td><td><a target=\"_blank\" download class=\"nt_btn nt_rounded_btn\" style=\"color: rgba(255, 255, 255, 1);background-color: rgba(18, 150, 136, 1);border-color: rgba(18, 150, 136, 1);\" rel=\"nofollow sponsored\" href=\"https:\/\/magalhaesdealmeida.ma.gov.br\/transparencia\/wp-content\/uploads\/2026\/03\/MEDICAMENTOS-DE-ALTO-CUSTO.pdf\">Download<\/a><\/td>        <\/tr>\n            <tr data-row_id=\"1\" class=\"ninja_table_row_1 nt_row_id_1\">\n            <td>Estoques de Medicamentos da Farm\u00e1cia Popular<\/td><td>08\/10\/2025<\/td><td>2025<\/td><td><a  data-target_column=listademedicamentomes class=\"ninja_table_permalink ninja_table_do_column_filter\"  href='https:\/\/magalhaesdealmeida.ma.gov.br\/transparencia\/mes\/setembro\/'>Setembro<\/a><\/td><td><a target=\"_blank\" download class=\"nt_btn nt_rounded_btn\" style=\"color: rgba(255, 255, 255, 1);background-color: rgba(18, 150, 136, 1);border-color: rgba(18, 150, 136, 1);\" rel=\"nofollow sponsored\" href=\"https:\/\/magalhaesdealmeida.ma.gov.br\/transparencia\/wp-content\/uploads\/2025\/10\/Lista-de-Medicamentos.pdf\">Download<\/a><\/td>        <\/tr>\n            <tr data-row_id=\"2\" class=\"ninja_table_row_2 nt_row_id_2\">\n            <td>Estoques de Medicamentos da Farm\u00e1cia Popular<\/td><td>13\/08\/2025<\/td><td>2025<\/td><td><a  data-target_column=listademedicamentomes class=\"ninja_table_permalink ninja_table_do_column_filter\"  href='https:\/\/magalhaesdealmeida.ma.gov.br\/transparencia\/mes\/agosto\/'>Agosto<\/a><\/td><td><a target=\"_blank\" download class=\"nt_btn nt_rounded_btn\" style=\"color: rgba(255, 255, 255, 1);background-color: rgba(18, 150, 136, 1);border-color: rgba(18, 150, 136, 1);\" rel=\"nofollow sponsored\" href=\"https:\/\/magalhaesdealmeida.ma.gov.br\/transparencia\/wp-content\/uploads\/2025\/08\/Relacao-de-Medicamentos-do-Componente-Basico-da-Assistencia-Farmaceutica-do-Municipio-de-Magalhaes-de-Almeida.pdf\">Download<\/a><\/td>        <\/tr>\n            <tr data-row_id=\"3\" class=\"ninja_table_row_3 nt_row_id_3\">\n            <td>Estoques de Medicamentos da Farm\u00e1cia Popular<\/td><td>16\/07\/2025<\/td><td>2025<\/td><td><a  data-target_column=listademedicamentomes class=\"ninja_table_permalink ninja_table_do_column_filter\"  href='https:\/\/magalhaesdealmeida.ma.gov.br\/transparencia\/mes\/julho\/'>Julho<\/a><\/td><td><a target=\"_blank\" download class=\"nt_btn nt_rounded_btn\" style=\"color: rgba(255, 255, 255, 1);background-color: rgba(18, 150, 136, 1);border-color: rgba(18, 150, 136, 1);\" rel=\"nofollow sponsored\" href=\"https:\/\/magalhaesdealmeida.ma.gov.br\/transparencia\/wp-content\/uploads\/2025\/07\/6-2.pdf\">Download<\/a><\/td>        <\/tr>\n            <tr data-row_id=\"4\" class=\"ninja_table_row_4 nt_row_id_4\">\n            <td>ESTOQUE DE MEDICAMENTOS DA FARM\u00c1CIA POPULAR<\/td><td>06\/06\/2025<\/td><td>2025<\/td><td><\/td><td><a target=\"_blank\" download class=\"nt_btn nt_rounded_btn\" style=\"color: rgba(255, 255, 255, 1);background-color: rgba(18, 150, 136, 1);border-color: rgba(18, 150, 136, 1);\" rel=\"nofollow sponsored\" href=\"https:\/\/magalhaesdealmeida.ma.gov.br\/transparencia\/wp-content\/uploads\/2025\/06\/ESTOQUES-DE-MEDICAMENTOS-DA-FARMACIA-POPULAR.pdf\">Download<\/a><\/td>        <\/tr>\n            <tr data-row_id=\"5\" class=\"ninja_table_row_5 nt_row_id_5\">\n            <td>MEDICAMENTOS DE AUTO CUSTO COMO OBTER<\/td><td>06\/06\/2025<\/td><td>2025<\/td><td><\/td><td><a target=\"_blank\" download class=\"nt_btn nt_rounded_btn\" style=\"color: rgba(255, 255, 255, 1);background-color: rgba(18, 150, 136, 1);border-color: rgba(18, 150, 136, 1);\" rel=\"nofollow sponsored\" href=\"https:\/\/magalhaesdealmeida.ma.gov.br\/transparencia\/wp-content\/uploads\/2025\/06\/MEDICAMENTO-DE-ALTO-CUSTO.pdf\">Download<\/a><\/td>        <\/tr>\n    <\/tbody><!--ninja_tobody_rendering_done-->\n    <\/table>\n    \n    \n    \n<\/div>\n<\/p>\n","protected":false},"excerpt":{"rendered":"<p>Acesse a Lista de Medicamentos fornecidos pelo SUS e informa\u00e7\u00f5es de como obter os medicamentos.<\/p>\n","protected":false},"author":1,"featured_media":26922,"parent":0,"menu_order":0,"comment_status":"closed","ping_status":"closed","template":"","meta":{"_acf_changed":false,"footnotes":""},"categories":[1,89],"tags":[],"class_list":["post-21641","page","type-page","status-publish","has-post-thumbnail","hentry","category-exibir-front","category-saude"],"acf":{"nome":"Lista de Medicamentos","link":"https:\/\/magalhaesdealmeida.ma.gov.br\/transparencia\/lista-de-medicamentos\/","icone":"fa-solid fa-plus"},"_links":{"self":[{"href":"https:\/\/magalhaesdealmeida.ma.gov.br\/transparencia\/wp-json\/wp\/v2\/pages\/21641","targetHints":{"allow":["GET"]}}],"collection":[{"href":"https:\/\/magalhaesdealmeida.ma.gov.br\/transparencia\/wp-json\/wp\/v2\/pages"}],"about":[{"href":"https:\/\/magalhaesdealmeida.ma.gov.br\/transparencia\/wp-json\/wp\/v2\/types\/page"}],"author":[{"embeddable":true,"href":"https:\/\/magalhaesdealmeida.ma.gov.br\/transparencia\/wp-json\/wp\/v2\/users\/1"}],"replies":[{"embeddable":true,"href":"https:\/\/magalhaesdealmeida.ma.gov.br\/transparencia\/wp-json\/wp\/v2\/comments?post=21641"}],"version-history":[{"count":3,"href":"https:\/\/magalhaesdealmeida.ma.gov.br\/transparencia\/wp-json\/wp\/v2\/pages\/21641\/revisions"}],"predecessor-version":[{"id":25256,"href":"https:\/\/magalhaesdealmeida.ma.gov.br\/transparencia\/wp-json\/wp\/v2\/pages\/21641\/revisions\/25256"}],"wp:featuredmedia":[{"embeddable":true,"href":"https:\/\/magalhaesdealmeida.ma.gov.br\/transparencia\/wp-json\/wp\/v2\/media\/26922"}],"wp:attachment":[{"href":"https:\/\/magalhaesdealmeida.ma.gov.br\/transparencia\/wp-json\/wp\/v2\/media?parent=21641"}],"wp:term":[{"taxonomy":"category","embeddable":true,"href":"https:\/\/magalhaesdealmeida.ma.gov.br\/transparencia\/wp-json\/wp\/v2\/categories?post=21641"},{"taxonomy":"post_tag","embeddable":true,"href":"https:\/\/magalhaesdealmeida.ma.gov.br\/transparencia\/wp-json\/wp\/v2\/tags?post=21641"}],"curies":[{"name":"wp","href":"https:\/\/api.w.org\/{rel}","templated":true}]}}