{"id":22590,"date":"2020-08-05T15:27:33","date_gmt":"2020-08-05T18:27:33","guid":{"rendered":"https:\/\/magalhaesdealmeida.ma.gov.br\/transparencia\/pesquisa-satisfacao\/"},"modified":"2025-02-20T14:19:24","modified_gmt":"2025-02-20T17:19:24","slug":"pesquisa-de-satisfacao","status":"publish","type":"page","link":"https:\/\/magalhaesdealmeida.ma.gov.br\/transparencia\/pesquisa-de-satisfacao\/","title":{"rendered":"Pesquisa de Satisfa\u00e7\u00e3o"},"content":{"rendered":"<p>Para melhor atender \u00e0s suas necessidades e aprimorar nossos servi\u00e7os, gostar\u00edamos que voc\u00ea respondesse algumas perguntas para medir sua satisfa\u00e7\u00e3o e, assim, sugerir melhorias aos departamentos internos.<\/p>\n<p>Esta pesquisa de satisfa\u00e7\u00e3o tem car\u00e1ter avaliativo e interno. Os dados fornecidos neste formul\u00e1rio ser\u00e3o utilizados apenas para a elabora\u00e7\u00e3o de relat\u00f3rios estat\u00edsticos e divulgados na internet para cumprimento de normas legais. Agradecemos antecipadamente por sua participa\u00e7\u00e3o!<\/p>\n<p>Pesquisa por tempo indeterminado.<\/p>\n<p>Atenciosamente,<br \/>\nPrefeitura Municipal &#8211; Ouvidoria Geral do Munic\u00edpio.<\/p>\n<p><strong>Resultado pesquisa:<\/strong><br \/>\n<a class=\"btn btn-primary mt-2\" role=\"link\" href=\"https:\/\/magalhaesdealmeida.ma.gov.br\/transparencia\/relatorio-pesquisa-de-satisfacao\/\" target=\"blank role=\" rel=\"noopener\"><i class=\"fas fa-search\"><\/i> Resultado<\/a><\/p>\n<hr \/>\n<form method=\"post\" action=\"\" id=\"pesquisa-satisfacao-form\"><ol><input type=\"hidden\" id=\"pesquisa_nonce\" name=\"pesquisa_nonce\" value=\"686f85d2ab\" \/><input type=\"hidden\" name=\"_wp_http_referer\" value=\"\/transparencia\/wp-json\/wp\/v2\/pages\/22590\" \/><div class=\"pergunta-pesquisa\"><div class=\"pergunta-header\"><h5><li>Como voc\u00ea avalia o atendimento da Ouvidoria Geral do Munic\u00edpio?<\/li><\/h5><\/div><div class=\"perguntas-body\"><label><input type=\"radio\" name=\"resposta[66b119955c9be]\" value=\"otimo\" required> \u00d3timo<\/label><br><label><input type=\"radio\" name=\"resposta[66b119955c9be]\" value=\"bom\" required> Bom<\/label><br><label><input type=\"radio\" name=\"resposta[66b119955c9be]\" value=\"regular\" required> Regular<\/label><br><label><input type=\"radio\" name=\"resposta[66b119955c9be]\" value=\"ruim\" required> Ruim<\/label><br><label><input type=\"radio\" name=\"resposta[66b119955c9be]\" value=\"pessimo\" required> P\u00e9ssimo<\/label><br><label><input type=\"radio\" name=\"resposta[66b119955c9be]\" value=\"nao_sabe\" required> N\u00e3o sabe \/ n\u00e3o utiliza o servi\u00e7o<\/label><br><\/div><\/div><div class=\"pergunta-pesquisa\"><div class=\"pergunta-header\"><h5><li>Como voc\u00ea avalia o servi\u00e7o de coleta de lixo em seu bairro\/munic\u00edpio?<\/li><\/h5><\/div><div class=\"perguntas-body\"><label><input type=\"radio\" name=\"resposta[66b119955c9c1]\" value=\"otimo\" required> \u00d3timo<\/label><br><label><input type=\"radio\" name=\"resposta[66b119955c9c1]\" value=\"bom\" required> Bom<\/label><br><label><input type=\"radio\" name=\"resposta[66b119955c9c1]\" value=\"regular\" required> Regular<\/label><br><label><input type=\"radio\" name=\"resposta[66b119955c9c1]\" value=\"ruim\" required> Ruim<\/label><br><label><input type=\"radio\" name=\"resposta[66b119955c9c1]\" value=\"pessimo\" required> P\u00e9ssimo<\/label><br><label><input type=\"radio\" name=\"resposta[66b119955c9c1]\" value=\"nao_sabe\" required> N\u00e3o sabe \/ n\u00e3o utiliza o servi\u00e7o<\/label><br><\/div><\/div><div class=\"pergunta-pesquisa\"><div class=\"pergunta-header\"><h5><li>Como voc\u00ea avalia o servi\u00e7o de conserva\u00e7\u00e3o de limpeza das ruas em seu bairro\/munic\u00edpio?<\/li><\/h5><\/div><div class=\"perguntas-body\"><label><input type=\"radio\" name=\"resposta[66b119955c9c2]\" value=\"otimo\" required> \u00d3timo<\/label><br><label><input type=\"radio\" name=\"resposta[66b119955c9c2]\" value=\"bom\" required> Bom<\/label><br><label><input type=\"radio\" name=\"resposta[66b119955c9c2]\" value=\"regular\" required> Regular<\/label><br><label><input type=\"radio\" name=\"resposta[66b119955c9c2]\" value=\"ruim\" required> Ruim<\/label><br><label><input type=\"radio\" name=\"resposta[66b119955c9c2]\" value=\"pessimo\" required> P\u00e9ssimo<\/label><br><label><input type=\"radio\" name=\"resposta[66b119955c9c2]\" value=\"nao_sabe\" required> N\u00e3o sabe \/ n\u00e3o utiliza o servi\u00e7o<\/label><br><\/div><\/div><div class=\"pergunta-pesquisa\"><div class=\"pergunta-header\"><h5><li>Como voc\u00ea avalia o servi\u00e7o de conserva\u00e7\u00e3o de pra\u00e7as e canteiros em seu bairro\/munic\u00edpio?<\/li><\/h5><\/div><div class=\"perguntas-body\"><label><input type=\"radio\" name=\"resposta[66b119955c9c3]\" value=\"otimo\" required> \u00d3timo<\/label><br><label><input type=\"radio\" name=\"resposta[66b119955c9c3]\" value=\"bom\" required> Bom<\/label><br><label><input type=\"radio\" name=\"resposta[66b119955c9c3]\" value=\"regular\" required> Regular<\/label><br><label><input type=\"radio\" name=\"resposta[66b119955c9c3]\" value=\"ruim\" required> Ruim<\/label><br><label><input type=\"radio\" name=\"resposta[66b119955c9c3]\" value=\"pessimo\" required> P\u00e9ssimo<\/label><br><label><input type=\"radio\" name=\"resposta[66b119955c9c3]\" value=\"nao_sabe\" required> N\u00e3o sabe \/ n\u00e3o utiliza o servi\u00e7o<\/label><br><\/div><\/div><div class=\"pergunta-pesquisa\"><div class=\"pergunta-header\"><h5><li>Como voc\u00ea avalia o servi\u00e7o de ilumina\u00e7\u00e3o p\u00fablica de seu bairro\/munic\u00edpio?<\/li><\/h5><\/div><div class=\"perguntas-body\"><label><input type=\"radio\" name=\"resposta[66b119955c9c4]\" value=\"otimo\" required> \u00d3timo<\/label><br><label><input type=\"radio\" name=\"resposta[66b119955c9c4]\" value=\"bom\" required> Bom<\/label><br><label><input type=\"radio\" name=\"resposta[66b119955c9c4]\" value=\"regular\" required> Regular<\/label><br><label><input type=\"radio\" name=\"resposta[66b119955c9c4]\" value=\"ruim\" required> Ruim<\/label><br><label><input type=\"radio\" name=\"resposta[66b119955c9c4]\" value=\"pessimo\" required> P\u00e9ssimo<\/label><br><label><input type=\"radio\" name=\"resposta[66b119955c9c4]\" value=\"nao_sabe\" required> N\u00e3o sabe \/ n\u00e3o utiliza o servi\u00e7o<\/label><br><\/div><\/div><div class=\"pergunta-pesquisa\"><div class=\"pergunta-header\"><h5><li>Como voc\u00ea avalia a quest\u00e3o de Fiscaliza\u00e7\u00e3o p\u00fablica em seu bairro\/munic\u00edpio?<\/li><\/h5><\/div><div class=\"perguntas-body\"><label><input type=\"radio\" name=\"resposta[66b119955c9c5]\" value=\"otimo\" required> \u00d3timo<\/label><br><label><input type=\"radio\" name=\"resposta[66b119955c9c5]\" value=\"bom\" required> Bom<\/label><br><label><input type=\"radio\" name=\"resposta[66b119955c9c5]\" value=\"regular\" required> Regular<\/label><br><label><input type=\"radio\" name=\"resposta[66b119955c9c5]\" value=\"ruim\" required> Ruim<\/label><br><label><input type=\"radio\" name=\"resposta[66b119955c9c5]\" value=\"pessimo\" required> P\u00e9ssimo<\/label><br><label><input type=\"radio\" name=\"resposta[66b119955c9c5]\" value=\"nao_sabe\" required> N\u00e3o sabe \/ n\u00e3o utiliza o servi\u00e7o<\/label><br><\/div><\/div><div class=\"pergunta-pesquisa\"><div class=\"pergunta-header\"><h5><li>Como voc\u00ea avalia o atendimento no Departamento de Tributa\u00e7\u00e3o do munic\u00edpio (IPTU, ISS, ITBI, Alvar\u00e1, D\u00edvida Ativa)?<\/li><\/h5><\/div><div class=\"perguntas-body\"><label><input type=\"radio\" name=\"resposta[66b119955c9c6]\" value=\"otimo\" required> \u00d3timo<\/label><br><label><input type=\"radio\" name=\"resposta[66b119955c9c6]\" value=\"bom\" required> Bom<\/label><br><label><input type=\"radio\" name=\"resposta[66b119955c9c6]\" value=\"regular\" required> Regular<\/label><br><label><input type=\"radio\" name=\"resposta[66b119955c9c6]\" value=\"ruim\" required> Ruim<\/label><br><label><input type=\"radio\" name=\"resposta[66b119955c9c6]\" value=\"pessimo\" required> P\u00e9ssimo<\/label><br><label><input type=\"radio\" name=\"resposta[66b119955c9c6]\" value=\"nao_sabe\" required> N\u00e3o sabe \/ n\u00e3o utiliza o servi\u00e7o<\/label><br><\/div><\/div><div class=\"pergunta-pesquisa\"><div class=\"pergunta-header\"><h5><li>Como voc\u00ea avalia o atendimento no Centro de Sa\u00fade e nas ESFs do munic\u00edpio?<\/li><\/h5><\/div><div class=\"perguntas-body\"><label><input type=\"radio\" name=\"resposta[66b119955c9c7]\" value=\"otimo\" required> \u00d3timo<\/label><br><label><input type=\"radio\" name=\"resposta[66b119955c9c7]\" value=\"bom\" required> Bom<\/label><br><label><input type=\"radio\" name=\"resposta[66b119955c9c7]\" value=\"regular\" required> Regular<\/label><br><label><input type=\"radio\" name=\"resposta[66b119955c9c7]\" value=\"ruim\" required> Ruim<\/label><br><label><input type=\"radio\" name=\"resposta[66b119955c9c7]\" value=\"pessimo\" required> P\u00e9ssimo<\/label><br><label><input type=\"radio\" name=\"resposta[66b119955c9c7]\" value=\"nao_sabe\" required> N\u00e3o sabe \/ n\u00e3o utiliza o servi\u00e7o<\/label><br><\/div><\/div><div class=\"pergunta-pesquisa\"><div class=\"pergunta-header\"><h5><li>Como voc\u00ea avalia o atendimento no Posto de Pronto Atendimento (PPA) e no hospital em seu munic\u00edpio?<\/li><\/h5><\/div><div class=\"perguntas-body\"><label><input type=\"radio\" name=\"resposta[66b119955c9c8]\" value=\"otimo\" required> \u00d3timo<\/label><br><label><input type=\"radio\" name=\"resposta[66b119955c9c8]\" value=\"bom\" required> Bom<\/label><br><label><input type=\"radio\" name=\"resposta[66b119955c9c8]\" value=\"regular\" required> Regular<\/label><br><label><input type=\"radio\" name=\"resposta[66b119955c9c8]\" value=\"ruim\" required> Ruim<\/label><br><label><input type=\"radio\" name=\"resposta[66b119955c9c8]\" value=\"pessimo\" required> P\u00e9ssimo<\/label><br><label><input type=\"radio\" name=\"resposta[66b119955c9c8]\" value=\"nao_sabe\" required> N\u00e3o sabe \/ n\u00e3o utiliza o servi\u00e7o<\/label><br><\/div><\/div><div class=\"pergunta-pesquisa\"><div class=\"pergunta-header\"><h5><li>Como voc\u00ea avalia as estruturas f\u00edsicas e os servi\u00e7os prestados das escolas do seu bairro\/munic\u00edpio?<\/li><\/h5><\/div><div class=\"perguntas-body\"><label><input type=\"radio\" name=\"resposta[66b119955c9c9]\" value=\"otimo\" required> \u00d3timo<\/label><br><label><input type=\"radio\" name=\"resposta[66b119955c9c9]\" value=\"bom\" required> Bom<\/label><br><label><input type=\"radio\" name=\"resposta[66b119955c9c9]\" value=\"regular\" required> Regular<\/label><br><label><input type=\"radio\" name=\"resposta[66b119955c9c9]\" value=\"ruim\" required> Ruim<\/label><br><label><input type=\"radio\" name=\"resposta[66b119955c9c9]\" value=\"pessimo\" required> P\u00e9ssimo<\/label><br><label><input type=\"radio\" name=\"resposta[66b119955c9c9]\" value=\"nao_sabe\" required> N\u00e3o sabe \/ n\u00e3o utiliza o servi\u00e7o<\/label><br><\/div><\/div><div class=\"pergunta-pesquisa\"><div class=\"pergunta-header\"><h5><li>Como voc\u00ea avalia as estruturas f\u00edsicas e os servi\u00e7os prestados das creches do seu bairro\/munic\u00edpio?<\/li><\/h5><\/div><div class=\"perguntas-body\"><label><input type=\"radio\" name=\"resposta[66b119955c9ca]\" value=\"otimo\" required> \u00d3timo<\/label><br><label><input type=\"radio\" name=\"resposta[66b119955c9ca]\" value=\"bom\" required> Bom<\/label><br><label><input type=\"radio\" name=\"resposta[66b119955c9ca]\" value=\"regular\" required> Regular<\/label><br><label><input type=\"radio\" name=\"resposta[66b119955c9ca]\" value=\"ruim\" required> Ruim<\/label><br><label><input type=\"radio\" name=\"resposta[66b119955c9ca]\" value=\"pessimo\" required> P\u00e9ssimo<\/label><br><label><input type=\"radio\" name=\"resposta[66b119955c9ca]\" value=\"nao_sabe\" required> N\u00e3o sabe \/ n\u00e3o utiliza o servi\u00e7o<\/label><br><\/div><\/div><div class=\"pergunta-pesquisa\"><div class=\"pergunta-header\"><h5><li>Como voc\u00ea avalia as informa\u00e7\u00f5es contidas no site oficial do munic\u00edpio?<\/li><\/h5><\/div><div class=\"perguntas-body\"><label><input type=\"radio\" name=\"resposta[66b119955c9cb]\" value=\"otimo\" required> \u00d3timo<\/label><br><label><input type=\"radio\" name=\"resposta[66b119955c9cb]\" value=\"bom\" required> Bom<\/label><br><label><input type=\"radio\" name=\"resposta[66b119955c9cb]\" value=\"regular\" required> Regular<\/label><br><label><input type=\"radio\" name=\"resposta[66b119955c9cb]\" value=\"ruim\" required> Ruim<\/label><br><label><input type=\"radio\" name=\"resposta[66b119955c9cb]\" value=\"pessimo\" required> P\u00e9ssimo<\/label><br><label><input type=\"radio\" name=\"resposta[66b119955c9cb]\" value=\"nao_sabe\" required> N\u00e3o sabe \/ n\u00e3o utiliza o servi\u00e7o<\/label><br><\/div><\/div><div class=\"pergunta-pesquisa\"><div class=\"pergunta-header\"><h5><li>Como voc\u00ea avalia os eventos culturais ofertados no munic\u00edpio?<\/li><\/h5><\/div><div class=\"perguntas-body\"><label><input type=\"radio\" name=\"resposta[66b119955c9cc]\" value=\"otimo\" required> \u00d3timo<\/label><br><label><input type=\"radio\" name=\"resposta[66b119955c9cc]\" value=\"bom\" required> Bom<\/label><br><label><input type=\"radio\" name=\"resposta[66b119955c9cc]\" value=\"regular\" required> Regular<\/label><br><label><input type=\"radio\" name=\"resposta[66b119955c9cc]\" value=\"ruim\" required> Ruim<\/label><br><label><input type=\"radio\" name=\"resposta[66b119955c9cc]\" value=\"pessimo\" required> P\u00e9ssimo<\/label><br><label><input type=\"radio\" name=\"resposta[66b119955c9cc]\" value=\"nao_sabe\" required> N\u00e3o sabe \/ n\u00e3o utiliza o servi\u00e7o<\/label><br><\/div><\/div><div class=\"pergunta-pesquisa\"><div class=\"pergunta-header\"><h5><li>Como voc\u00ea avalia o atendimento referente a an\u00e1lise e aprova\u00e7\u00e3o de projetos, habite-se e alvar\u00e1 de constru\u00e7\u00e3o do seu munic\u00edpio?<\/li><\/h5><\/div><div class=\"perguntas-body\"><label><input type=\"radio\" name=\"resposta[66b119955c9cd]\" value=\"otimo\" required> \u00d3timo<\/label><br><label><input type=\"radio\" name=\"resposta[66b119955c9cd]\" value=\"bom\" required> Bom<\/label><br><label><input type=\"radio\" name=\"resposta[66b119955c9cd]\" value=\"regular\" required> Regular<\/label><br><label><input type=\"radio\" name=\"resposta[66b119955c9cd]\" value=\"ruim\" required> Ruim<\/label><br><label><input type=\"radio\" name=\"resposta[66b119955c9cd]\" value=\"pessimo\" required> P\u00e9ssimo<\/label><br><label><input type=\"radio\" name=\"resposta[66b119955c9cd]\" value=\"nao_sabe\" required> N\u00e3o sabe \/ n\u00e3o utiliza o servi\u00e7o<\/label><br><\/div><\/div><div class=\"pergunta-pesquisa\"><div class=\"pergunta-header\"><h5><li>Qual seu n\u00edvel de satisfa\u00e7\u00e3o com a transpar\u00eancia no munic\u00edpio?<\/li><\/h5><\/div><div class=\"perguntas-body\"><label><input type=\"radio\" name=\"resposta[66b119955c9ce]\" value=\"otimo\" required> \u00d3timo<\/label><br><label><input type=\"radio\" name=\"resposta[66b119955c9ce]\" value=\"bom\" required> Bom<\/label><br><label><input type=\"radio\" name=\"resposta[66b119955c9ce]\" value=\"regular\" required> Regular<\/label><br><label><input type=\"radio\" name=\"resposta[66b119955c9ce]\" value=\"ruim\" required> Ruim<\/label><br><label><input type=\"radio\" name=\"resposta[66b119955c9ce]\" value=\"pessimo\" required> P\u00e9ssimo<\/label><br><label><input type=\"radio\" name=\"resposta[66b119955c9ce]\" value=\"nao_sabe\" required> N\u00e3o sabe \/ n\u00e3o utiliza o servi\u00e7o<\/label><br><\/div><\/div><div class=\"pergunta-pesquisa\"><div class=\"pergunta-header\"><h5><li>Como voc\u00ea avalia o servi\u00e7o de transporte escolar do munic\u00edpio?<\/li><\/h5><\/div><div class=\"perguntas-body\"><label><input type=\"radio\" name=\"resposta[66b119955c9cf]\" value=\"otimo\" required> \u00d3timo<\/label><br><label><input type=\"radio\" name=\"resposta[66b119955c9cf]\" value=\"bom\" required> Bom<\/label><br><label><input type=\"radio\" name=\"resposta[66b119955c9cf]\" value=\"regular\" required> Regular<\/label><br><label><input type=\"radio\" name=\"resposta[66b119955c9cf]\" value=\"ruim\" required> Ruim<\/label><br><label><input type=\"radio\" name=\"resposta[66b119955c9cf]\" value=\"pessimo\" required> P\u00e9ssimo<\/label><br><label><input type=\"radio\" name=\"resposta[66b119955c9cf]\" value=\"nao_sabe\" required> N\u00e3o sabe \/ n\u00e3o utiliza o servi\u00e7o<\/label><br><\/div><\/div><div class=\"pergunta-pesquisa\"><div class=\"pergunta-header\"><h5><li>Como voc\u00ea avalia a Merenda Escolar do munic\u00edpio?<\/li><\/h5><\/div><div class=\"perguntas-body\"><label><input type=\"radio\" name=\"resposta[66b119955c9d0]\" value=\"otimo\" required> \u00d3timo<\/label><br><label><input type=\"radio\" name=\"resposta[66b119955c9d0]\" value=\"bom\" required> Bom<\/label><br><label><input type=\"radio\" name=\"resposta[66b119955c9d0]\" value=\"regular\" required> Regular<\/label><br><label><input type=\"radio\" name=\"resposta[66b119955c9d0]\" value=\"ruim\" required> Ruim<\/label><br><label><input type=\"radio\" name=\"resposta[66b119955c9d0]\" value=\"pessimo\" required> P\u00e9ssimo<\/label><br><label><input type=\"radio\" name=\"resposta[66b119955c9d0]\" value=\"nao_sabe\" required> N\u00e3o sabe \/ n\u00e3o utiliza o servi\u00e7o<\/label><br><\/div><\/div><div class=\"pergunta-pesquisa\"><div class=\"pergunta-header\"><h5><li>Como voc\u00ea avalia a sinaliza\u00e7\u00e3o e o tr\u00e2nsito do munic\u00edpio?<\/li><\/h5><\/div><div class=\"perguntas-body\"><label><input type=\"radio\" name=\"resposta[66b119955c9d1]\" value=\"otimo\" required> \u00d3timo<\/label><br><label><input type=\"radio\" name=\"resposta[66b119955c9d1]\" value=\"bom\" required> Bom<\/label><br><label><input type=\"radio\" name=\"resposta[66b119955c9d1]\" value=\"regular\" required> Regular<\/label><br><label><input type=\"radio\" name=\"resposta[66b119955c9d1]\" value=\"ruim\" required> Ruim<\/label><br><label><input type=\"radio\" name=\"resposta[66b119955c9d1]\" value=\"pessimo\" required> P\u00e9ssimo<\/label><br><label><input type=\"radio\" name=\"resposta[66b119955c9d1]\" value=\"nao_sabe\" required> N\u00e3o sabe \/ n\u00e3o utiliza o servi\u00e7o<\/label><br><\/div><\/div><div class=\"pergunta-pesquisa\"><div class=\"pergunta-header\"><h5><li>Qual seu n\u00edvel de satisfa\u00e7\u00e3o quanto ao atendimento e fornecimento de medicamentos na Farm\u00e1cia Municipal?<\/li><\/h5><\/div><div class=\"perguntas-body\"><label><input type=\"radio\" name=\"resposta[66b119955c9d2]\" value=\"otimo\" required> \u00d3timo<\/label><br><label><input type=\"radio\" name=\"resposta[66b119955c9d2]\" value=\"bom\" required> Bom<\/label><br><label><input type=\"radio\" name=\"resposta[66b119955c9d2]\" value=\"regular\" required> Regular<\/label><br><label><input type=\"radio\" name=\"resposta[66b119955c9d2]\" value=\"ruim\" required> Ruim<\/label><br><label><input type=\"radio\" name=\"resposta[66b119955c9d2]\" value=\"pessimo\" required> P\u00e9ssimo<\/label><br><label><input type=\"radio\" name=\"resposta[66b119955c9d2]\" value=\"nao_sabe\" required> N\u00e3o sabe \/ n\u00e3o utiliza o servi\u00e7o<\/label><br><\/div><\/div><div class=\"pergunta-pesquisa\"><div class=\"pergunta-header\"><h5><li>Como voc\u00ea avalia a oferta de Eventos Esportivos do munic\u00edpio?<\/li><\/h5><\/div><div class=\"perguntas-body\"><label><input type=\"radio\" name=\"resposta[66b119955c9d3]\" value=\"otimo\" required> \u00d3timo<\/label><br><label><input type=\"radio\" name=\"resposta[66b119955c9d3]\" value=\"bom\" required> Bom<\/label><br><label><input type=\"radio\" name=\"resposta[66b119955c9d3]\" value=\"regular\" required> Regular<\/label><br><label><input type=\"radio\" name=\"resposta[66b119955c9d3]\" value=\"ruim\" required> Ruim<\/label><br><label><input type=\"radio\" name=\"resposta[66b119955c9d3]\" value=\"pessimo\" required> P\u00e9ssimo<\/label><br><label><input type=\"radio\" name=\"resposta[66b119955c9d3]\" value=\"nao_sabe\" required> N\u00e3o sabe \/ n\u00e3o utiliza o servi\u00e7o<\/label><br><\/div><\/div><div class=\"pergunta-pesquisa\"><div class=\"pergunta-header\"><h5><li>Como voc\u00ea avalia as Estruturas F\u00edsicas Esportivas do munic\u00edpio?<\/li><\/h5><\/div><div class=\"perguntas-body\"><label><input type=\"radio\" name=\"resposta[66b119955c9d4]\" value=\"otimo\" required> \u00d3timo<\/label><br><label><input type=\"radio\" name=\"resposta[66b119955c9d4]\" value=\"bom\" required> Bom<\/label><br><label><input type=\"radio\" name=\"resposta[66b119955c9d4]\" value=\"regular\" required> Regular<\/label><br><label><input type=\"radio\" name=\"resposta[66b119955c9d4]\" value=\"ruim\" required> Ruim<\/label><br><label><input type=\"radio\" name=\"resposta[66b119955c9d4]\" value=\"pessimo\" required> P\u00e9ssimo<\/label><br><label><input type=\"radio\" name=\"resposta[66b119955c9d4]\" value=\"nao_sabe\" required> N\u00e3o sabe \/ n\u00e3o utiliza o servi\u00e7o<\/label><br><\/div><\/div><div class=\"pergunta-pesquisa\"><div class=\"pergunta-header\"><h5><li>Como voc\u00ea avalia o atendimento e os servi\u00e7os oferecidos pela Assist\u00eancia Social do munic\u00edpio?<\/li><\/h5><\/div><div class=\"perguntas-body\"><label><input type=\"radio\" name=\"resposta[66b119955c9d5]\" value=\"otimo\" required> \u00d3timo<\/label><br><label><input type=\"radio\" name=\"resposta[66b119955c9d5]\" value=\"bom\" required> Bom<\/label><br><label><input type=\"radio\" name=\"resposta[66b119955c9d5]\" value=\"regular\" required> Regular<\/label><br><label><input type=\"radio\" name=\"resposta[66b119955c9d5]\" value=\"ruim\" required> Ruim<\/label><br><label><input type=\"radio\" name=\"resposta[66b119955c9d5]\" value=\"pessimo\" required> P\u00e9ssimo<\/label><br><label><input type=\"radio\" name=\"resposta[66b119955c9d5]\" value=\"nao_sabe\" required> N\u00e3o sabe \/ n\u00e3o utiliza o servi\u00e7o<\/label><br><\/div><\/div><div class=\"pergunta-pesquisa\"><div class=\"pergunta-header\"><h5><li>Como voc\u00ea avalia o atendimento e os servi\u00e7os oferecidos pelo Procon do munic\u00edpio?<\/li><\/h5><\/div><div class=\"perguntas-body\"><label><input type=\"radio\" name=\"resposta[66b119955c9d6]\" value=\"otimo\" required> \u00d3timo<\/label><br><label><input type=\"radio\" name=\"resposta[66b119955c9d6]\" value=\"bom\" required> Bom<\/label><br><label><input type=\"radio\" name=\"resposta[66b119955c9d6]\" value=\"regular\" required> Regular<\/label><br><label><input type=\"radio\" name=\"resposta[66b119955c9d6]\" value=\"ruim\" required> Ruim<\/label><br><label><input type=\"radio\" name=\"resposta[66b119955c9d6]\" value=\"pessimo\" required> P\u00e9ssimo<\/label><br><label><input type=\"radio\" name=\"resposta[66b119955c9d6]\" value=\"nao_sabe\" required> N\u00e3o sabe \/ n\u00e3o utiliza o servi\u00e7o<\/label><br><\/div><\/div><div class=\"pergunta-pesquisa\"><div class=\"pergunta-header\"><h5><li>Como voc\u00ea avalia o atendimento da Junta Militar do munic\u00edpio?<\/li><\/h5><\/div><div class=\"perguntas-body\"><label><input type=\"radio\" name=\"resposta[66b119955c9d7]\" value=\"otimo\" required> \u00d3timo<\/label><br><label><input type=\"radio\" name=\"resposta[66b119955c9d7]\" value=\"bom\" required> Bom<\/label><br><label><input type=\"radio\" name=\"resposta[66b119955c9d7]\" value=\"regular\" required> Regular<\/label><br><label><input type=\"radio\" name=\"resposta[66b119955c9d7]\" value=\"ruim\" required> Ruim<\/label><br><label><input type=\"radio\" name=\"resposta[66b119955c9d7]\" value=\"pessimo\" required> P\u00e9ssimo<\/label><br><label><input type=\"radio\" name=\"resposta[66b119955c9d7]\" value=\"nao_sabe\" required> N\u00e3o sabe \/ n\u00e3o utiliza o servi\u00e7o<\/label><br><\/div><\/div><\/ol><div class=\"pergunta-comentario\"><textarea name=\"comentario\" placeholder=\"Deixe um coment\u00e1rio (opcional)\"><\/textarea><\/div><div class=\"pergunta-enviar\"><div class=\"g-recaptcha\" data-sitekey=\"6LcmNCAqAAAAAAvoE7Adu-ifmZIO_ZlxD-ivOzai\"><\/div><button type=\"submit\" name=\"submit_pesquisa\" class=\"wp-block-button__link wp-element-button\">Enviar<\/button><\/div><\/form>\n","protected":false},"excerpt":{"rendered":"<p>Para melhor atender \u00e0s suas necessidades e aprimorar nossos servi\u00e7os, gostar\u00edamos que voc\u00ea respondesse algumas perguntas para medir sua satisfa\u00e7\u00e3o e, assim, sugerir melhorias aos departamentos internos. Esta pesquisa de satisfa\u00e7\u00e3o tem car\u00e1ter avaliativo e interno. Os dados fornecidos neste formul\u00e1rio ser\u00e3o utilizados apenas para a elabora\u00e7\u00e3o de relat\u00f3rios estat\u00edsticos e divulgados na internet para [&hellip;]<\/p>\n","protected":false},"author":1,"featured_media":26922,"parent":0,"menu_order":0,"comment_status":"closed","ping_status":"closed","template":"","meta":{"_acf_changed":false,"footnotes":""},"categories":[1,87],"tags":[],"class_list":["post-22590","page","type-page","status-publish","has-post-thumbnail","hentry","category-exibir-front","category-lei-geral-de-protecao-de-dados-e-governo-digital"],"acf":{"nome":"Pesquisa de Satisfa\u00e7\u00e3o","link":"https:\/\/magalhaesdealmeida.ma.gov.br\/transparencia\/pesquisa-de-satisfacao\/","icone":"fa-solid fa-file"},"_links":{"self":[{"href":"https:\/\/magalhaesdealmeida.ma.gov.br\/transparencia\/wp-json\/wp\/v2\/pages\/22590","targetHints":{"allow":["GET"]}}],"collection":[{"href":"https:\/\/magalhaesdealmeida.ma.gov.br\/transparencia\/wp-json\/wp\/v2\/pages"}],"about":[{"href":"https:\/\/magalhaesdealmeida.ma.gov.br\/transparencia\/wp-json\/wp\/v2\/types\/page"}],"author":[{"embeddable":true,"href":"https:\/\/magalhaesdealmeida.ma.gov.br\/transparencia\/wp-json\/wp\/v2\/users\/1"}],"replies":[{"embeddable":true,"href":"https:\/\/magalhaesdealmeida.ma.gov.br\/transparencia\/wp-json\/wp\/v2\/comments?post=22590"}],"version-history":[{"count":4,"href":"https:\/\/magalhaesdealmeida.ma.gov.br\/transparencia\/wp-json\/wp\/v2\/pages\/22590\/revisions"}],"predecessor-version":[{"id":24361,"href":"https:\/\/magalhaesdealmeida.ma.gov.br\/transparencia\/wp-json\/wp\/v2\/pages\/22590\/revisions\/24361"}],"wp:featuredmedia":[{"embeddable":true,"href":"https:\/\/magalhaesdealmeida.ma.gov.br\/transparencia\/wp-json\/wp\/v2\/media\/26922"}],"wp:attachment":[{"href":"https:\/\/magalhaesdealmeida.ma.gov.br\/transparencia\/wp-json\/wp\/v2\/media?parent=22590"}],"wp:term":[{"taxonomy":"category","embeddable":true,"href":"https:\/\/magalhaesdealmeida.ma.gov.br\/transparencia\/wp-json\/wp\/v2\/categories?post=22590"},{"taxonomy":"post_tag","embeddable":true,"href":"https:\/\/magalhaesdealmeida.ma.gov.br\/transparencia\/wp-json\/wp\/v2\/tags?post=22590"}],"curies":[{"name":"wp","href":"https:\/\/api.w.org\/{rel}","templated":true}]}}