{"id":24366,"date":"2021-03-10T23:50:58","date_gmt":"2021-03-11T02:50:58","guid":{"rendered":"https:\/\/magalhaesdealmeida.ma.gov.br\/transparencia\/?page_id=24366"},"modified":"2025-02-20T13:38:21","modified_gmt":"2025-02-20T16:38:21","slug":"transferencias-voluntarias-sem-recursos-financeiros","status":"publish","type":"page","link":"https:\/\/magalhaesdealmeida.ma.gov.br\/transparencia\/transferencias-voluntarias-sem-recursos-financeiros\/","title":{"rendered":"Transfer\u00eancias Volunt\u00e1rias sem Recursos Financeiros"},"content":{"rendered":"<p>Acesse as informa\u00e7\u00f5es sobre as Transfer\u00eancias Volunt\u00e1rias sem Recursos Financeiros<br \/>\n<div id=\"footable_parent_24365\"\n         class=\" footable_parent ninja_table_wrapper loading_ninja_table wp_table_data_press_parent semantic_ui colored_table\">\n                <table data-ninja_table_instance=\"ninja_table_instance_0\" data-footable_id=\"24365\" data-filter-delay=\"1000\" aria-label=\"Transfer\u00eancias Volunt\u00e1rias sem Recursos Financeiros\"            id=\"footable_24365\"\n           data-unique_identifier=\"ninja_table_unique_id_854749430_24365\"\n           class=\" foo-table ninja_footable foo_table_24365 ninja_table_unique_id_854749430_24365 ui table  white nt_type_legacy_table selectable striped vertical_centered inverted footable-paging-right ninja_table_pro ninja_table_afd_inline ninja_table_has_custom_filter\">\n                <colgroup>\n                            <col class=\"ninja_column_0 \">\n                            <col class=\"ninja_column_1 \">\n                            <col class=\"ninja_column_2 \">\n                            <col class=\"ninja_column_3 \">\n                    <\/colgroup>\n        <thead>\n<tr class=\"footable-header\">\n                                                                        <th scope=\"col\"  class=\"ninja_column_0 ninja_clmn_nm_posttitle \">Descri\u00e7\u00e3o<\/th><th scope=\"col\"  class=\"ninja_column_1 ninja_clmn_nm_postdate \">Data da Publica\u00e7\u00e3o<\/th><th scope=\"col\"  class=\"ninja_column_2 ninja_clmn_nm_transfervolunsemrano \">Ano<\/th><th scope=\"col\"  class=\"ninja_column_3 ninja_clmn_nm_download \">Download<\/th><\/tr>\n<\/thead>\n<tbody>\n\n        <tr data-row_id=\"0\" class=\"ninja_table_row_0 nt_row_id_0\">\n            <td>Transfer\u00eancias Volunt\u00e1rias sem Recursos Financeiros<\/td><td>09\/04\/2026<\/td><td><\/td><td><a target=\"_blank\" download class=\"nt_btn nt_rounded_btn\" style=\"color: rgba(255, 255, 255, 1);background-color: rgba(18, 150, 136, 1);border-color: rgba(18, 150, 136, 1);\" rel=\"nofollow sponsored\" href=\"https:\/\/magalhaesdealmeida.ma.gov.br\/transparencia\/wp-content\/uploads\/2026\/04\/TRANSFERENCIA-VOLUNTARIA-SEM-RECURSOS-FINANCEIROS.pdf\">Download<\/a><\/td>        <\/tr>\n            <tr data-row_id=\"1\" class=\"ninja_table_row_1 nt_row_id_1\">\n            <td>Transfer\u00eancias Volunt\u00e1rias sem Recursos Financeiros<\/td><td>04\/03\/2026<\/td><td>2024, 2025<\/td><td><a target=\"_blank\" download class=\"nt_btn nt_rounded_btn\" style=\"color: rgba(255, 255, 255, 1);background-color: rgba(18, 150, 136, 1);border-color: rgba(18, 150, 136, 1);\" rel=\"nofollow sponsored\" href=\"https:\/\/magalhaesdealmeida.ma.gov.br\/transparencia\/wp-content\/uploads\/2026\/03\/TRANSFERENCIA-VOLUNTARIA-SEM-RECURSOS-FINANCEIROS.pdf\">Download<\/a><\/td>        <\/tr>\n            <tr data-row_id=\"2\" class=\"ninja_table_row_2 nt_row_id_2\">\n            <td>Transfer\u00eancias Volunt\u00e1rias sem Recursos Financeiros<\/td><td>03\/12\/2025<\/td><td>2025<\/td><td><a target=\"_blank\" download class=\"nt_btn nt_rounded_btn\" style=\"color: rgba(255, 255, 255, 1);background-color: rgba(18, 150, 136, 1);border-color: rgba(18, 150, 136, 1);\" rel=\"nofollow sponsored\" href=\"https:\/\/magalhaesdealmeida.ma.gov.br\/transparencia\/wp-content\/uploads\/2025\/12\/TRANSFERENCIA-VOLUNTARIA-SEM-RECURSOS-FINANCEIROS-dezembro.pdf\">Download<\/a><\/td>        <\/tr>\n            <tr data-row_id=\"3\" class=\"ninja_table_row_3 nt_row_id_3\">\n            <td>Transfer\u00eancias Volunt\u00e1rias sem Recursos Financeiros<\/td><td>05\/11\/2025<\/td><td>2025<\/td><td><a target=\"_blank\" download class=\"nt_btn nt_rounded_btn\" style=\"color: rgba(255, 255, 255, 1);background-color: rgba(18, 150, 136, 1);border-color: rgba(18, 150, 136, 1);\" rel=\"nofollow sponsored\" href=\"https:\/\/magalhaesdealmeida.ma.gov.br\/transparencia\/wp-content\/uploads\/2025\/11\/TRANSFERENCIA-VOLUNTARIA-SEM-RECURSOS-FINANCEIROS.pdf\">Download<\/a><\/td>        <\/tr>\n            <tr data-row_id=\"4\" class=\"ninja_table_row_4 nt_row_id_4\">\n            <td>Transfer\u00eancias Volunt\u00e1rias sem Recursos Financeiros<\/td><td>08\/10\/2025<\/td><td>2025<\/td><td><a target=\"_blank\" download class=\"nt_btn nt_rounded_btn\" style=\"color: rgba(255, 255, 255, 1);background-color: rgba(18, 150, 136, 1);border-color: rgba(18, 150, 136, 1);\" rel=\"nofollow sponsored\" href=\"https:\/\/magalhaesdealmeida.ma.gov.br\/transparencia\/wp-content\/uploads\/2025\/10\/TRANSFERENCIA-VOLUNTARIA-SEM-RECURSOS-FINANCEIROS.pdf\">Download<\/a><\/td>        <\/tr>\n            <tr data-row_id=\"5\" class=\"ninja_table_row_5 nt_row_id_5\">\n            <td>Transfer\u00eancias Volunt\u00e1rias sem Recursos Financeiros<\/td><td>02\/09\/2025<\/td><td>2025<\/td><td><a target=\"_blank\" download class=\"nt_btn nt_rounded_btn\" style=\"color: rgba(255, 255, 255, 1);background-color: rgba(18, 150, 136, 1);border-color: rgba(18, 150, 136, 1);\" rel=\"nofollow sponsored\" href=\"https:\/\/magalhaesdealmeida.ma.gov.br\/transparencia\/wp-content\/uploads\/2025\/09\/TRANSFERENCIA-VOLUNTARIA-SEM-RECURSOS-FINANCEIROS.pdf\">Download<\/a><\/td>        <\/tr>\n            <tr data-row_id=\"6\" class=\"ninja_table_row_6 nt_row_id_6\">\n            <td>Transfer\u00eancias Volunt\u00e1rias sem Recursos Financeiros<\/td><td>01\/08\/2025<\/td><td>2025<\/td><td><a target=\"_blank\" download class=\"nt_btn nt_rounded_btn\" style=\"color: rgba(255, 255, 255, 1);background-color: rgba(18, 150, 136, 1);border-color: rgba(18, 150, 136, 1);\" rel=\"nofollow sponsored\" href=\"https:\/\/magalhaesdealmeida.ma.gov.br\/transparencia\/wp-content\/uploads\/2025\/08\/TRANSFERENCIA-VOLUNTARIA-SEM-RECURSOS-FINNACEIROS.pdf\">Download<\/a><\/td>        <\/tr>\n            <tr data-row_id=\"7\" class=\"ninja_table_row_7 nt_row_id_7\">\n            <td>Declara\u00e7\u00e3o Negativa  de Transfer\u00eancias Volunt\u00e1rias sem Recursos Financeiros<\/td><td>02\/07\/2025<\/td><td>2021, 2022, 2023, 2024, 2025<\/td><td><a target=\"_blank\" download class=\"nt_btn nt_rounded_btn\" style=\"color: rgba(255, 255, 255, 1);background-color: rgba(18, 150, 136, 1);border-color: rgba(18, 150, 136, 1);\" rel=\"nofollow sponsored\" href=\"https:\/\/magalhaesdealmeida.ma.gov.br\/transparencia\/wp-content\/uploads\/2025\/07\/TRANSFERENCIA-VOLUNTARIA-SEM-RECURSOS-FINNACEIROS.pdf\">Download<\/a><\/td>        <\/tr>\n            <tr data-row_id=\"8\" class=\"ninja_table_row_8 nt_row_id_8\">\n            <td>DECLARA\u00c7\u00c3O - ACORDOS FIRMADOS<\/td><td>27\/05\/2025<\/td><td>2021, 2022, 2023, 2024, 2025<\/td><td><a target=\"_blank\" download class=\"nt_btn nt_rounded_btn\" style=\"color: rgba(255, 255, 255, 1);background-color: rgba(18, 150, 136, 1);border-color: rgba(18, 150, 136, 1);\" rel=\"nofollow sponsored\" href=\"https:\/\/magalhaesdealmeida.ma.gov.br\/transparencia\/wp-content\/uploads\/2025\/05\/ACORDOS-FIRMADOS-NAO-HOUVE-TRASNFERENCIA.pdf\">Download<\/a><\/td>        <\/tr>\n    <\/tbody><!--ninja_tobody_rendering_done-->\n    <\/table>\n    \n    \n    \n<\/div>\n<\/p>\n","protected":false},"excerpt":{"rendered":"<p>Acesse as informa\u00e7\u00f5es sobre as Transfer\u00eancias Volunt\u00e1rias sem Recursos Financeiros<\/p>\n","protected":false},"author":1,"featured_media":26922,"parent":0,"menu_order":0,"comment_status":"closed","ping_status":"closed","template":"","meta":{"_acf_changed":false,"footnotes":""},"categories":[80,1],"tags":[],"class_list":["post-24366","page","type-page","status-publish","has-post-thumbnail","hentry","category-convenios-e-transferencias","category-exibir-front"],"acf":{"nome":"Transfer\u00eancias Volunt\u00e1rias sem Recursos Financeiros","link":"https:\/\/magalhaesdealmeida.ma.gov.br\/transparencia\/transferencias-voluntarias-sem-recursos-financeiros\/","icone":"fa-solid fa-file"},"_links":{"self":[{"href":"https:\/\/magalhaesdealmeida.ma.gov.br\/transparencia\/wp-json\/wp\/v2\/pages\/24366","targetHints":{"allow":["GET"]}}],"collection":[{"href":"https:\/\/magalhaesdealmeida.ma.gov.br\/transparencia\/wp-json\/wp\/v2\/pages"}],"about":[{"href":"https:\/\/magalhaesdealmeida.ma.gov.br\/transparencia\/wp-json\/wp\/v2\/types\/page"}],"author":[{"embeddable":true,"href":"https:\/\/magalhaesdealmeida.ma.gov.br\/transparencia\/wp-json\/wp\/v2\/users\/1"}],"replies":[{"embeddable":true,"href":"https:\/\/magalhaesdealmeida.ma.gov.br\/transparencia\/wp-json\/wp\/v2\/comments?post=24366"}],"version-history":[{"count":2,"href":"https:\/\/magalhaesdealmeida.ma.gov.br\/transparencia\/wp-json\/wp\/v2\/pages\/24366\/revisions"}],"predecessor-version":[{"id":24369,"href":"https:\/\/magalhaesdealmeida.ma.gov.br\/transparencia\/wp-json\/wp\/v2\/pages\/24366\/revisions\/24369"}],"wp:featuredmedia":[{"embeddable":true,"href":"https:\/\/magalhaesdealmeida.ma.gov.br\/transparencia\/wp-json\/wp\/v2\/media\/26922"}],"wp:attachment":[{"href":"https:\/\/magalhaesdealmeida.ma.gov.br\/transparencia\/wp-json\/wp\/v2\/media?parent=24366"}],"wp:term":[{"taxonomy":"category","embeddable":true,"href":"https:\/\/magalhaesdealmeida.ma.gov.br\/transparencia\/wp-json\/wp\/v2\/categories?post=24366"},{"taxonomy":"post_tag","embeddable":true,"href":"https:\/\/magalhaesdealmeida.ma.gov.br\/transparencia\/wp-json\/wp\/v2\/tags?post=24366"}],"curies":[{"name":"wp","href":"https:\/\/api.w.org\/{rel}","templated":true}]}}