{"id":25252,"date":"2025-05-29T10:36:16","date_gmt":"2025-05-29T13:36:16","guid":{"rendered":"https:\/\/magalhaesdealmeida.ma.gov.br\/transparencia\/?page_id=25252"},"modified":"2025-05-29T10:36:23","modified_gmt":"2025-05-29T13:36:23","slug":"lista-de-espera-de-regulacao-para-acesso-as-consultas-exames-e-servicos-medicos","status":"publish","type":"page","link":"https:\/\/magalhaesdealmeida.ma.gov.br\/transparencia\/lista-de-espera-de-regulacao-para-acesso-as-consultas-exames-e-servicos-medicos\/","title":{"rendered":"Lista de espera de regula\u00e7\u00e3o para acesso as consultas, exames e servi\u00e7os m\u00e9dicos"},"content":{"rendered":"<p>Acesse a Lista de espera de regula\u00e7\u00e3o para acesso as consultas, exames e servi\u00e7os m\u00e9dicos<br \/>\n<div id=\"footable_parent_25251\"\n         class=\" footable_parent ninja_table_wrapper loading_ninja_table wp_table_data_press_parent semantic_ui colored_table\">\n                <table data-ninja_table_instance=\"ninja_table_instance_0\" data-footable_id=\"25251\" data-filter-delay=\"1000\" aria-label=\"Lista de espera de regula\u00e7\u00e3o para acesso as consultas, exames e servi\u00e7os m\u00e9dicos\"            id=\"footable_25251\"\n           data-unique_identifier=\"ninja_table_unique_id_2091585849_25251\"\n           class=\" foo-table ninja_footable foo_table_25251 ninja_table_unique_id_2091585849_25251 ui table  white nt_type_legacy_table selectable striped vertical_centered inverted footable-paging-right ninja_table_pro ninja_table_afd_inline ninja_table_has_custom_filter\">\n                <colgroup>\n                            <col class=\"ninja_column_0 \">\n                            <col class=\"ninja_column_1 \">\n                            <col class=\"ninja_column_2 \">\n                            <col class=\"ninja_column_3 \">\n                            <col class=\"ninja_column_4 \">\n                    <\/colgroup>\n        <thead>\n<tr class=\"footable-header\">\n                                                                                        <th scope=\"col\"  class=\"ninja_column_0 ninja_clmn_nm_posttitle \">Descri\u00e7\u00e3o<\/th><th scope=\"col\"  class=\"ninja_column_1 ninja_clmn_nm_postdate \">Data da Publica\u00e7\u00e3o<\/th><th scope=\"col\"  class=\"ninja_column_2 ninja_clmn_nm_listadeesperacesmano \">Ano<\/th><th scope=\"col\"  class=\"ninja_column_3 ninja_clmn_nm_listadeesperacesmmes \">M\u00eas<\/th><th scope=\"col\"  class=\"ninja_column_4 ninja_clmn_nm_download \">Download<\/th><\/tr>\n<\/thead>\n<tbody>\n\n        <tr data-row_id=\"0\" class=\"ninja_table_row_0 nt_row_id_0\">\n            <td>Lista de espera de regula\u00e7\u00e3o para acesso as consultas, exames e servi\u00e7os m\u00e9dicos<\/td><td>04\/03\/2026<\/td><td><\/td><td>Mar\u00e7o<\/td><td><a target=\"_blank\" download class=\"nt_btn nt_rounded_btn\" style=\"color: rgba(255, 255, 255, 1);background-color: rgba(18, 150, 136, 1);border-color: rgba(18, 150, 136, 1);\" rel=\"nofollow sponsored\" href=\"https:\/\/magalhaesdealmeida.ma.gov.br\/transparencia\/wp-content\/uploads\/2026\/03\/REGULACAO-SAUDE-2026.pdf\">Download<\/a><\/td>        <\/tr>\n            <tr data-row_id=\"1\" class=\"ninja_table_row_1 nt_row_id_1\">\n            <td>Lista de espera de regula\u00e7\u00e3o para acesso as consultas, exames e servi\u00e7os m\u00e9dicos<\/td><td>14\/10\/2025<\/td><td>2025<\/td><td>Outubro<\/td><td><a target=\"_blank\" download class=\"nt_btn nt_rounded_btn\" style=\"color: rgba(255, 255, 255, 1);background-color: rgba(18, 150, 136, 1);border-color: rgba(18, 150, 136, 1);\" rel=\"nofollow sponsored\" href=\"https:\/\/magalhaesdealmeida.ma.gov.br\/transparencia\/wp-content\/uploads\/2025\/10\/LISTA-DE-ESPERA-2025-OUT.xlsx\">Download<\/a><\/td>        <\/tr>\n            <tr data-row_id=\"2\" class=\"ninja_table_row_2 nt_row_id_2\">\n            <td>Lista de espera de regula\u00e7\u00e3o para acesso as consultas, exames e servi\u00e7os m\u00e9dicos<\/td><td>14\/08\/2025<\/td><td>2025<\/td><td>Agosto<\/td><td><a target=\"_blank\" download class=\"nt_btn nt_rounded_btn\" style=\"color: rgba(255, 255, 255, 1);background-color: rgba(18, 150, 136, 1);border-color: rgba(18, 150, 136, 1);\" rel=\"nofollow sponsored\" href=\"https:\/\/magalhaesdealmeida.ma.gov.br\/transparencia\/wp-content\/uploads\/2025\/08\/LISTA-DE-ESPERA-2025-AGOSTO-REGULACAO.xlsx\">Download<\/a><\/td>        <\/tr>\n            <tr data-row_id=\"3\" class=\"ninja_table_row_3 nt_row_id_3\">\n            <td>Lista de espera de regula\u00e7\u00e3o para acesso as consultas, exames e servi\u00e7os m\u00e9dicos 2025<\/td><td>18\/07\/2025<\/td><td>2025<\/td><td>Junho<\/td><td><a target=\"_blank\" download class=\"nt_btn nt_rounded_btn\" style=\"color: rgba(255, 255, 255, 1);background-color: rgba(18, 150, 136, 1);border-color: rgba(18, 150, 136, 1);\" rel=\"nofollow sponsored\" href=\"https:\/\/magalhaesdealmeida.ma.gov.br\/transparencia\/wp-content\/uploads\/2025\/07\/ilovepdf_merged.pdf\">Download<\/a><\/td>        <\/tr>\n            <tr data-row_id=\"4\" class=\"ninja_table_row_4 nt_row_id_4\">\n            <td>Regula\u00e7\u00e3o de Consultas e  Exames<\/td><td>11\/06\/2025<\/td><td>2025<\/td><td><\/td><td><a target=\"_blank\" download class=\"nt_btn nt_rounded_btn\" style=\"color: rgba(255, 255, 255, 1);background-color: rgba(18, 150, 136, 1);border-color: rgba(18, 150, 136, 1);\" rel=\"nofollow sponsored\" href=\"https:\/\/magalhaesdealmeida.ma.gov.br\/transparencia\/wp-content\/uploads\/2025\/06\/REGULACAO-CONSULTAS-E-EXAMES-1.pdf\">Download<\/a><\/td>        <\/tr>\n    <\/tbody><!--ninja_tobody_rendering_done-->\n    <\/table>\n    \n    \n    \n<\/div>\n<\/p>\n","protected":false},"excerpt":{"rendered":"<p>Acesse a Lista de espera de regula\u00e7\u00e3o para acesso as consultas, exames e servi\u00e7os m\u00e9dicos<\/p>\n","protected":false},"author":1,"featured_media":26922,"parent":0,"menu_order":0,"comment_status":"closed","ping_status":"closed","template":"","meta":{"_acf_changed":false,"footnotes":""},"categories":[1,89],"tags":[],"class_list":["post-25252","page","type-page","status-publish","has-post-thumbnail","hentry","category-exibir-front","category-saude"],"acf":{"nome":"Lista de espera de regula\u00e7\u00e3o para acesso as consultas, exames e servi\u00e7os m\u00e9dicos","link":"https:\/\/magalhaesdealmeida.ma.gov.br\/transparencia\/lista-de-espera-de-regulacao-para-acesso-as-consultas-exames-e-servicos-medicos\/","icone":"fa-solid fa-plus"},"_links":{"self":[{"href":"https:\/\/magalhaesdealmeida.ma.gov.br\/transparencia\/wp-json\/wp\/v2\/pages\/25252","targetHints":{"allow":["GET"]}}],"collection":[{"href":"https:\/\/magalhaesdealmeida.ma.gov.br\/transparencia\/wp-json\/wp\/v2\/pages"}],"about":[{"href":"https:\/\/magalhaesdealmeida.ma.gov.br\/transparencia\/wp-json\/wp\/v2\/types\/page"}],"author":[{"embeddable":true,"href":"https:\/\/magalhaesdealmeida.ma.gov.br\/transparencia\/wp-json\/wp\/v2\/users\/1"}],"replies":[{"embeddable":true,"href":"https:\/\/magalhaesdealmeida.ma.gov.br\/transparencia\/wp-json\/wp\/v2\/comments?post=25252"}],"version-history":[{"count":2,"href":"https:\/\/magalhaesdealmeida.ma.gov.br\/transparencia\/wp-json\/wp\/v2\/pages\/25252\/revisions"}],"predecessor-version":[{"id":25255,"href":"https:\/\/magalhaesdealmeida.ma.gov.br\/transparencia\/wp-json\/wp\/v2\/pages\/25252\/revisions\/25255"}],"wp:featuredmedia":[{"embeddable":true,"href":"https:\/\/magalhaesdealmeida.ma.gov.br\/transparencia\/wp-json\/wp\/v2\/media\/26922"}],"wp:attachment":[{"href":"https:\/\/magalhaesdealmeida.ma.gov.br\/transparencia\/wp-json\/wp\/v2\/media?parent=25252"}],"wp:term":[{"taxonomy":"category","embeddable":true,"href":"https:\/\/magalhaesdealmeida.ma.gov.br\/transparencia\/wp-json\/wp\/v2\/categories?post=25252"},{"taxonomy":"post_tag","embeddable":true,"href":"https:\/\/magalhaesdealmeida.ma.gov.br\/transparencia\/wp-json\/wp\/v2\/tags?post=25252"}],"curies":[{"name":"wp","href":"https:\/\/api.w.org\/{rel}","templated":true}]}}