{"id":38,"date":"2020-10-27T09:53:59","date_gmt":"2020-10-27T12:53:59","guid":{"rendered":"https:\/\/magalhaesdealmeida.ma.gov.br\/transparencia\/?page_id=38"},"modified":"2025-03-10T17:12:59","modified_gmt":"2025-03-10T20:12:59","slug":"diario-oficial-do-municipio","status":"publish","type":"page","link":"https:\/\/magalhaesdealmeida.ma.gov.br\/transparencia\/diario-oficial-do-municipio\/","title":{"rendered":"Di\u00e1rio Oficial do Munic\u00edpio &#8211; At\u00e9 07\/03\/2025"},"content":{"rendered":"<p>Acesse o Di\u00e1rio Oficial do Munic\u00edpio<\/p>\n","protected":false},"excerpt":{"rendered":"<p>Acesse o Di\u00e1rio Oficial do Munic\u00edpio<\/p>\n","protected":false},"author":1,"featured_media":26922,"parent":0,"menu_order":0,"comment_status":"closed","ping_status":"closed","template":"dom.php","meta":{"_acf_changed":false,"footnotes":""},"categories":[1,78],"tags":[],"class_list":["post-38","page","type-page","status-publish","has-post-thumbnail","hentry","category-exibir-front","category-informacoes-institucionais"],"acf":{"nome":"Di\u00e1rio Oficial do Munic\u00edpio - At\u00e9 07\/03\/2025","link":"https:\/\/magalhaesdealmeida.ma.gov.br\/transparencia\/diario-oficial-do-municipio","icone":"fa-newspaper"},"_links":{"self":[{"href":"https:\/\/magalhaesdealmeida.ma.gov.br\/transparencia\/wp-json\/wp\/v2\/pages\/38","targetHints":{"allow":["GET"]}}],"collection":[{"href":"https:\/\/magalhaesdealmeida.ma.gov.br\/transparencia\/wp-json\/wp\/v2\/pages"}],"about":[{"href":"https:\/\/magalhaesdealmeida.ma.gov.br\/transparencia\/wp-json\/wp\/v2\/types\/page"}],"author":[{"embeddable":true,"href":"https:\/\/magalhaesdealmeida.ma.gov.br\/transparencia\/wp-json\/wp\/v2\/users\/1"}],"replies":[{"embeddable":true,"href":"https:\/\/magalhaesdealmeida.ma.gov.br\/transparencia\/wp-json\/wp\/v2\/comments?post=38"}],"version-history":[{"count":6,"href":"https:\/\/magalhaesdealmeida.ma.gov.br\/transparencia\/wp-json\/wp\/v2\/pages\/38\/revisions"}],"predecessor-version":[{"id":24608,"href":"https:\/\/magalhaesdealmeida.ma.gov.br\/transparencia\/wp-json\/wp\/v2\/pages\/38\/revisions\/24608"}],"wp:featuredmedia":[{"embeddable":true,"href":"https:\/\/magalhaesdealmeida.ma.gov.br\/transparencia\/wp-json\/wp\/v2\/media\/26922"}],"wp:attachment":[{"href":"https:\/\/magalhaesdealmeida.ma.gov.br\/transparencia\/wp-json\/wp\/v2\/media?parent=38"}],"wp:term":[{"taxonomy":"category","embeddable":true,"href":"https:\/\/magalhaesdealmeida.ma.gov.br\/transparencia\/wp-json\/wp\/v2\/categories?post=38"},{"taxonomy":"post_tag","embeddable":true,"href":"https:\/\/magalhaesdealmeida.ma.gov.br\/transparencia\/wp-json\/wp\/v2\/tags?post=38"}],"curies":[{"name":"wp","href":"https:\/\/api.w.org\/{rel}","templated":true}]}}