{"id":7136,"date":"2021-03-10T23:54:49","date_gmt":"2021-03-11T02:54:49","guid":{"rendered":"https:\/\/magalhaesdealmeida.ma.gov.br\/transparencia\/?page_id=7136"},"modified":"2025-02-20T14:43:08","modified_gmt":"2025-02-20T17:43:08","slug":"execucao-orcamentaria","status":"publish","type":"page","link":"https:\/\/magalhaesdealmeida.ma.gov.br\/transparencia\/execucao-orcamentaria\/","title":{"rendered":"Execu\u00e7\u00e3o Or\u00e7ament\u00e1ria"},"content":{"rendered":"<p>Acesse as informa\u00e7\u00f5es sobre a Execu\u00e7\u00e3o Or\u00e7ament\u00e1ria<\/p>\n","protected":false},"excerpt":{"rendered":"<p>Acesse as informa\u00e7\u00f5es sobre a Execu\u00e7\u00e3o Or\u00e7ament\u00e1ria<\/p>\n","protected":false},"author":1,"featured_media":26922,"parent":0,"menu_order":0,"comment_status":"closed","ping_status":"closed","template":"execucaoorcamentaria.php","meta":{"_acf_changed":false,"footnotes":""},"categories":[1,79],"tags":[],"class_list":["post-7136","page","type-page","status-publish","has-post-thumbnail","hentry","category-exibir-front","category-receitas-e-despesas"],"acf":{"nome":"Execu\u00e7\u00e3o Or\u00e7ament\u00e1ria","link":"https:\/\/magalhaesdealmeida.ma.gov.br\/transparencia\/execucao-orcamentaria\/","icone":"fa-chart-bar"},"_links":{"self":[{"href":"https:\/\/magalhaesdealmeida.ma.gov.br\/transparencia\/wp-json\/wp\/v2\/pages\/7136","targetHints":{"allow":["GET"]}}],"collection":[{"href":"https:\/\/magalhaesdealmeida.ma.gov.br\/transparencia\/wp-json\/wp\/v2\/pages"}],"about":[{"href":"https:\/\/magalhaesdealmeida.ma.gov.br\/transparencia\/wp-json\/wp\/v2\/types\/page"}],"author":[{"embeddable":true,"href":"https:\/\/magalhaesdealmeida.ma.gov.br\/transparencia\/wp-json\/wp\/v2\/users\/1"}],"replies":[{"embeddable":true,"href":"https:\/\/magalhaesdealmeida.ma.gov.br\/transparencia\/wp-json\/wp\/v2\/comments?post=7136"}],"version-history":[{"count":5,"href":"https:\/\/magalhaesdealmeida.ma.gov.br\/transparencia\/wp-json\/wp\/v2\/pages\/7136\/revisions"}],"predecessor-version":[{"id":21672,"href":"https:\/\/magalhaesdealmeida.ma.gov.br\/transparencia\/wp-json\/wp\/v2\/pages\/7136\/revisions\/21672"}],"wp:featuredmedia":[{"embeddable":true,"href":"https:\/\/magalhaesdealmeida.ma.gov.br\/transparencia\/wp-json\/wp\/v2\/media\/26922"}],"wp:attachment":[{"href":"https:\/\/magalhaesdealmeida.ma.gov.br\/transparencia\/wp-json\/wp\/v2\/media?parent=7136"}],"wp:term":[{"taxonomy":"category","embeddable":true,"href":"https:\/\/magalhaesdealmeida.ma.gov.br\/transparencia\/wp-json\/wp\/v2\/categories?post=7136"},{"taxonomy":"post_tag","embeddable":true,"href":"https:\/\/magalhaesdealmeida.ma.gov.br\/transparencia\/wp-json\/wp\/v2\/tags?post=7136"}],"curies":[{"name":"wp","href":"https:\/\/api.w.org\/{rel}","templated":true}]}}